{"id":284,"date":"2020-11-30T13:47:12","date_gmt":"2020-11-30T12:47:12","guid":{"rendered":"http:\/\/osteopathie-nice.fr\/?page_id=284"},"modified":"2023-10-23T10:04:01","modified_gmt":"2023-10-23T08:04:01","slug":"liens-partenaires","status":"publish","type":"page","link":"https:\/\/osteopathie-nice.fr\/index.php\/liens-partenaires\/","title":{"rendered":"liens partenaires"},"content":{"rendered":"\n<p>Sabrina LEMANAGER ost\u00e9opathe \u00e0 Boulogne Billancourt (92) <a href=\"http:\/\/osteopatheboulogne92.com\">http:\/\/osteopatheboulogne92.com<\/a><\/p>\n\n\n\n<p>Annuaire des ost\u00e9opathes en France et dans le Monde: <a href=\"http:\/\/www.osteopathe.com\/\">http:\/\/www.osteopathe.com\/<\/a><\/p>\n\n\n\n<p>Annuaire pour trouver un ost\u00e9opathe partout en France: <a href=\"https:\/\/36osteos.com\">https:\/\/36osteos.com<\/a><\/p>\n\n\n\n<p>Annuaire Tagbox: <\/p>\n\n\n\n<a href=\"http:\/\/www.tagbox.fr\/annuaire\/nice,1_d.html\" target=\"_blank\" rel=\"noopener noreferrer\"><img decoding=\"async\" src=\"http:\/\/www.tagbox.fr\/banner\/tagbox-annuaire-2.gif\" alt=\"cliquez ici site\" border=\"0\"><\/a>\n\n\n\n<a href=\"http:\/\/www.tagbox.fr\/annuaire\/nice,1_d.html\" target=\"_blank\" rel=\"noopener noreferrer\"><img decoding=\"async\" src=\"http:\/\/www.tagbox.fr\/banner\/tagbox-annuaire-2.gif\" alt=\"cliquez ici site\" border=\"0\"><\/a>\n\n\n\n<p><\/p>\n","protected":false},"excerpt":{"rendered":"<p>Sabrina LEMANAGER ost\u00e9opathe \u00e0 Boulogne Billancourt (92) http:\/\/osteopatheboulogne92.com Annuaire des ost\u00e9opathes en France et dans le Monde: http:\/\/www.osteopathe.com\/ Annuaire pour trouver un ost\u00e9opathe partout en France: https:\/\/36osteos.com Annuaire Tagbox:<\/p>\n","protected":false},"author":1,"featured_media":0,"parent":0,"menu_order":0,"comment_status":"closed","ping_status":"closed","template":"","meta":{"_yoast_wpseo_focuskw":"","_yoast_wpseo_title":"","_yoast_wpseo_metadesc":"","footnotes":""},"class_list":["post-284","page","type-page","status-publish","hentry"],"yoast_head":"<!-- This site is optimized with the Yoast SEO plugin v27.4 - https:\/\/yoast.com\/product\/yoast-seo-wordpress\/ -->\n<title>liens partenaires - Ost\u00e9opathe Nice Centre - Blanche-Ma\u00eblleFlorance<\/title>\n<meta name=\"robots\" content=\"index, follow, max-snippet:-1, max-image-preview:large, max-video-preview:-1\" \/>\n<link rel=\"canonical\" href=\"https:\/\/osteopathie-nice.fr\/index.php\/liens-partenaires\/\" \/>\n<meta property=\"og:locale\" content=\"fr_FR\" \/>\n<meta property=\"og:type\" content=\"article\" \/>\n<meta property=\"og:title\" content=\"liens partenaires - Ost\u00e9opathe Nice Centre - Blanche-Ma\u00eblleFlorance\" \/>\n<meta property=\"og:description\" content=\"Sabrina LEMANAGER ost\u00e9opathe \u00e0 Boulogne Billancourt (92) http:\/\/osteopatheboulogne92.com Annuaire des ost\u00e9opathes en France et dans le Monde: http:\/\/www.osteopathe.com\/ Annuaire pour trouver un ost\u00e9opathe partout en France: https:\/\/36osteos.com Annuaire Tagbox:\" \/>\n<meta property=\"og:url\" content=\"https:\/\/osteopathie-nice.fr\/index.php\/liens-partenaires\/\" \/>\n<meta property=\"og:site_name\" content=\"Ost\u00e9opathe Nice Centre - Blanche-Ma\u00eblleFlorance\" \/>\n<meta property=\"article:publisher\" content=\"https:\/\/www.facebook.com\/osteopathenice\" \/>\n<meta property=\"article:modified_time\" content=\"2023-10-23T08:04:01+00:00\" \/>\n<meta property=\"og:image\" content=\"http:\/\/www.tagbox.fr\/banner\/tagbox-annuaire-2.gif\" \/>\n<meta name=\"twitter:card\" content=\"summary_large_image\" \/>\n<meta name=\"twitter:site\" content=\"@osteonice\" \/>\n<meta name=\"twitter:label1\" content=\"Dur\u00e9e de lecture estim\u00e9e\" \/>\n\t<meta name=\"twitter:data1\" content=\"1 minute\" \/>\n<script type=\"application\/ld+json\" class=\"yoast-schema-graph\">{\"@context\":\"https:\\\/\\\/schema.org\",\"@graph\":[{\"@type\":\"WebPage\",\"@id\":\"https:\\\/\\\/osteopathie-nice.fr\\\/index.php\\\/liens-partenaires\\\/\",\"url\":\"https:\\\/\\\/osteopathie-nice.fr\\\/index.php\\\/liens-partenaires\\\/\",\"name\":\"liens partenaires - Ost\u00e9opathe Nice Centre - Blanche-Ma\u00eblleFlorance\",\"isPartOf\":{\"@id\":\"https:\\\/\\\/osteopathie-nice.fr\\\/#website\"},\"primaryImageOfPage\":{\"@id\":\"https:\\\/\\\/osteopathie-nice.fr\\\/index.php\\\/liens-partenaires\\\/#primaryimage\"},\"image\":{\"@id\":\"https:\\\/\\\/osteopathie-nice.fr\\\/index.php\\\/liens-partenaires\\\/#primaryimage\"},\"thumbnailUrl\":\"http:\\\/\\\/www.tagbox.fr\\\/banner\\\/tagbox-annuaire-2.gif\",\"datePublished\":\"2020-11-30T12:47:12+00:00\",\"dateModified\":\"2023-10-23T08:04:01+00:00\",\"breadcrumb\":{\"@id\":\"https:\\\/\\\/osteopathie-nice.fr\\\/index.php\\\/liens-partenaires\\\/#breadcrumb\"},\"inLanguage\":\"fr-FR\",\"potentialAction\":[{\"@type\":\"ReadAction\",\"target\":[\"https:\\\/\\\/osteopathie-nice.fr\\\/index.php\\\/liens-partenaires\\\/\"]}]},{\"@type\":\"ImageObject\",\"inLanguage\":\"fr-FR\",\"@id\":\"https:\\\/\\\/osteopathie-nice.fr\\\/index.php\\\/liens-partenaires\\\/#primaryimage\",\"url\":\"http:\\\/\\\/www.tagbox.fr\\\/banner\\\/tagbox-annuaire-2.gif\",\"contentUrl\":\"http:\\\/\\\/www.tagbox.fr\\\/banner\\\/tagbox-annuaire-2.gif\"},{\"@type\":\"BreadcrumbList\",\"@id\":\"https:\\\/\\\/osteopathie-nice.fr\\\/index.php\\\/liens-partenaires\\\/#breadcrumb\",\"itemListElement\":[{\"@type\":\"ListItem\",\"position\":1,\"name\":\"Accueil\",\"item\":\"https:\\\/\\\/osteopathie-nice.fr\\\/\"},{\"@type\":\"ListItem\",\"position\":2,\"name\":\"liens partenaires\"}]},{\"@type\":\"WebSite\",\"@id\":\"https:\\\/\\\/osteopathie-nice.fr\\\/#website\",\"url\":\"https:\\\/\\\/osteopathie-nice.fr\\\/\",\"name\":\"BM Florance Ost\u00e9opathe Nice\",\"description\":\"Ost\u00e9opathie douce cr\u00e2nienne visc\u00e9rale et articulaire.\",\"potentialAction\":[{\"@type\":\"SearchAction\",\"target\":{\"@type\":\"EntryPoint\",\"urlTemplate\":\"https:\\\/\\\/osteopathie-nice.fr\\\/?s={search_term_string}\"},\"query-input\":{\"@type\":\"PropertyValueSpecification\",\"valueRequired\":true,\"valueName\":\"search_term_string\"}}],\"inLanguage\":\"fr-FR\"}]}<\/script>\n<!-- \/ Yoast SEO plugin. -->","yoast_head_json":{"title":"liens partenaires - Ost\u00e9opathe Nice Centre - Blanche-Ma\u00eblleFlorance","robots":{"index":"index","follow":"follow","max-snippet":"max-snippet:-1","max-image-preview":"max-image-preview:large","max-video-preview":"max-video-preview:-1"},"canonical":"https:\/\/osteopathie-nice.fr\/index.php\/liens-partenaires\/","og_locale":"fr_FR","og_type":"article","og_title":"liens partenaires - Ost\u00e9opathe Nice Centre - Blanche-Ma\u00eblleFlorance","og_description":"Sabrina LEMANAGER ost\u00e9opathe \u00e0 Boulogne Billancourt (92) http:\/\/osteopatheboulogne92.com Annuaire des ost\u00e9opathes en France et dans le Monde: http:\/\/www.osteopathe.com\/ Annuaire pour trouver un ost\u00e9opathe partout en France: https:\/\/36osteos.com Annuaire Tagbox:","og_url":"https:\/\/osteopathie-nice.fr\/index.php\/liens-partenaires\/","og_site_name":"Ost\u00e9opathe Nice Centre - Blanche-Ma\u00eblleFlorance","article_publisher":"https:\/\/www.facebook.com\/osteopathenice","article_modified_time":"2023-10-23T08:04:01+00:00","og_image":[{"url":"http:\/\/www.tagbox.fr\/banner\/tagbox-annuaire-2.gif","type":"","width":"","height":""}],"twitter_card":"summary_large_image","twitter_site":"@osteonice","twitter_misc":{"Dur\u00e9e de lecture estim\u00e9e":"1 minute"},"schema":{"@context":"https:\/\/schema.org","@graph":[{"@type":"WebPage","@id":"https:\/\/osteopathie-nice.fr\/index.php\/liens-partenaires\/","url":"https:\/\/osteopathie-nice.fr\/index.php\/liens-partenaires\/","name":"liens partenaires - Ost\u00e9opathe Nice Centre - Blanche-Ma\u00eblleFlorance","isPartOf":{"@id":"https:\/\/osteopathie-nice.fr\/#website"},"primaryImageOfPage":{"@id":"https:\/\/osteopathie-nice.fr\/index.php\/liens-partenaires\/#primaryimage"},"image":{"@id":"https:\/\/osteopathie-nice.fr\/index.php\/liens-partenaires\/#primaryimage"},"thumbnailUrl":"http:\/\/www.tagbox.fr\/banner\/tagbox-annuaire-2.gif","datePublished":"2020-11-30T12:47:12+00:00","dateModified":"2023-10-23T08:04:01+00:00","breadcrumb":{"@id":"https:\/\/osteopathie-nice.fr\/index.php\/liens-partenaires\/#breadcrumb"},"inLanguage":"fr-FR","potentialAction":[{"@type":"ReadAction","target":["https:\/\/osteopathie-nice.fr\/index.php\/liens-partenaires\/"]}]},{"@type":"ImageObject","inLanguage":"fr-FR","@id":"https:\/\/osteopathie-nice.fr\/index.php\/liens-partenaires\/#primaryimage","url":"http:\/\/www.tagbox.fr\/banner\/tagbox-annuaire-2.gif","contentUrl":"http:\/\/www.tagbox.fr\/banner\/tagbox-annuaire-2.gif"},{"@type":"BreadcrumbList","@id":"https:\/\/osteopathie-nice.fr\/index.php\/liens-partenaires\/#breadcrumb","itemListElement":[{"@type":"ListItem","position":1,"name":"Accueil","item":"https:\/\/osteopathie-nice.fr\/"},{"@type":"ListItem","position":2,"name":"liens partenaires"}]},{"@type":"WebSite","@id":"https:\/\/osteopathie-nice.fr\/#website","url":"https:\/\/osteopathie-nice.fr\/","name":"BM Florance Ost\u00e9opathe Nice","description":"Ost\u00e9opathie douce cr\u00e2nienne visc\u00e9rale et articulaire.","potentialAction":[{"@type":"SearchAction","target":{"@type":"EntryPoint","urlTemplate":"https:\/\/osteopathie-nice.fr\/?s={search_term_string}"},"query-input":{"@type":"PropertyValueSpecification","valueRequired":true,"valueName":"search_term_string"}}],"inLanguage":"fr-FR"}]}},"_links":{"self":[{"href":"https:\/\/osteopathie-nice.fr\/index.php\/wp-json\/wp\/v2\/pages\/284","targetHints":{"allow":["GET"]}}],"collection":[{"href":"https:\/\/osteopathie-nice.fr\/index.php\/wp-json\/wp\/v2\/pages"}],"about":[{"href":"https:\/\/osteopathie-nice.fr\/index.php\/wp-json\/wp\/v2\/types\/page"}],"author":[{"embeddable":true,"href":"https:\/\/osteopathie-nice.fr\/index.php\/wp-json\/wp\/v2\/users\/1"}],"replies":[{"embeddable":true,"href":"https:\/\/osteopathie-nice.fr\/index.php\/wp-json\/wp\/v2\/comments?post=284"}],"version-history":[{"count":4,"href":"https:\/\/osteopathie-nice.fr\/index.php\/wp-json\/wp\/v2\/pages\/284\/revisions"}],"predecessor-version":[{"id":301,"href":"https:\/\/osteopathie-nice.fr\/index.php\/wp-json\/wp\/v2\/pages\/284\/revisions\/301"}],"wp:attachment":[{"href":"https:\/\/osteopathie-nice.fr\/index.php\/wp-json\/wp\/v2\/media?parent=284"}],"curies":[{"name":"wp","href":"https:\/\/api.w.org\/{rel}","templated":true}]}}