{"id":333,"date":"2022-03-22T16:45:35","date_gmt":"2022-03-22T15:45:35","guid":{"rendered":"http:\/\/osteopathie-nice.fr\/?page_id=333"},"modified":"2023-10-23T10:02:54","modified_gmt":"2023-10-23T08:02:54","slug":"guide-shopping-bien-etre","status":"publish","type":"page","link":"https:\/\/osteopathie-nice.fr\/index.php\/guide-shopping-bien-etre\/","title":{"rendered":"Guide Shopping bien \u00eatre"},"content":{"rendered":"\n<p>Cette page est l\u00e0 pour vous aider \u00e0 faire votre shopping . Des objets utiles pour votre confort et votre bien-\u00eatre. Les articles pr\u00e9sents ont \u00e9t\u00e9 test\u00e9s et approuv\u00e9s par votre ost\u00e9o \u00e0 Nice.<\/p>\n\n\n\n<p><\/p>\n\n\n\n<h2 class=\"wp-block-heading\"><a href=\"https:\/\/www.amazon.fr\/dp\/B09BZ556VM\/ref=emc_b_5_t\" target=\"_blank\" rel=\"noreferrer noopener sponsored nofollow\">Coussin chauffant<\/a>:<\/h2>\n\n\n\n<p>Ce coussin est utilis\u00e9 au cabinet pour apporter chaleur et d\u00e9tente aux patients lors de la s\u00e9ance d&rsquo;ost\u00e9opathie. Il s&rsquo;utilise \u00e9galement \u00e0 la maison dans le canap\u00e9, sur une chaise gr\u00e2ce \u00e0 la ceinture permettant de le maintenir, ou dans le lit.<\/p>\n\n\n\n<p>La chaleur va permettre de d\u00e9tendre muscles et articulations. Pour soulager les maux de ventres, tensions cervicales ou lombaires. En compl\u00e9ment des s\u00e9ances avec votre ost\u00e9opathe et\/ou kin\u00e9sith\u00e9rapeute.<\/p>\n\n\n\n<p><\/p>\n\n\n\n<h2 class=\"wp-block-heading\"><a href=\"https:\/\/www.dolphitonic.com\/galettes-ballons-ceintures-tapis\/235-galette-sit-on-air-gymnic-gymnic.html\">Galette<\/a>:<\/h2>\n\n\n\n<p>Ce coussin d&rsquo;air permet de garder de la mobilit\u00e9 au niveau du bassin et des lombaires tout en \u00e9tant assis sur une chaise. Ce dispositif est plus simple qu&rsquo;un gros ballon et plus facile \u00e0 transporter.<\/p>\n\n\n\n<p><\/p>\n\n\n\n<p> <\/p>\n","protected":false},"excerpt":{"rendered":"<p>Cette page est l\u00e0 pour vous aider \u00e0 faire votre shopping . Des objets utiles pour votre confort et votre bien-\u00eatre. Les articles pr\u00e9sents ont \u00e9t\u00e9 test\u00e9s et approuv\u00e9s par &hellip; <\/p>\n","protected":false},"author":1,"featured_media":0,"parent":0,"menu_order":0,"comment_status":"closed","ping_status":"closed","template":"","meta":{"_yoast_wpseo_focuskw":"","_yoast_wpseo_title":"","_yoast_wpseo_metadesc":"","footnotes":""},"class_list":["post-333","page","type-page","status-publish","hentry"],"yoast_head":"<!-- This site is optimized with the Yoast SEO plugin v27.6 - https:\/\/yoast.com\/product\/yoast-seo-wordpress\/ -->\n<title>Guide Shopping bien \u00eatre - Ost\u00e9opathe Nice Centre - Blanche-Ma\u00eblleFlorance<\/title>\n<meta name=\"robots\" content=\"index, follow, max-snippet:-1, max-image-preview:large, max-video-preview:-1\" \/>\n<link rel=\"canonical\" href=\"https:\/\/osteopathie-nice.fr\/index.php\/guide-shopping-bien-etre\/\" \/>\n<meta property=\"og:locale\" content=\"fr_FR\" \/>\n<meta property=\"og:type\" content=\"article\" \/>\n<meta property=\"og:title\" content=\"Guide Shopping bien \u00eatre - Ost\u00e9opathe Nice Centre - Blanche-Ma\u00eblleFlorance\" \/>\n<meta property=\"og:description\" content=\"Cette page est l\u00e0 pour vous aider \u00e0 faire votre shopping . Des objets utiles pour votre confort et votre bien-\u00eatre. Les articles pr\u00e9sents ont \u00e9t\u00e9 test\u00e9s et approuv\u00e9s par &hellip;\" \/>\n<meta property=\"og:url\" content=\"https:\/\/osteopathie-nice.fr\/index.php\/guide-shopping-bien-etre\/\" \/>\n<meta property=\"og:site_name\" content=\"Ost\u00e9opathe Nice Centre - Blanche-Ma\u00eblleFlorance\" \/>\n<meta property=\"article:publisher\" content=\"https:\/\/www.facebook.com\/osteopathenice\" \/>\n<meta property=\"article:modified_time\" content=\"2023-10-23T08:02:54+00:00\" \/>\n<meta name=\"twitter:card\" content=\"summary_large_image\" \/>\n<meta name=\"twitter:site\" content=\"@osteonice\" \/>\n<meta name=\"twitter:label1\" content=\"Dur\u00e9e de lecture estim\u00e9e\" \/>\n\t<meta name=\"twitter:data1\" content=\"1 minute\" \/>\n<script type=\"application\/ld+json\" class=\"yoast-schema-graph\">{\"@context\":\"https:\\\/\\\/schema.org\",\"@graph\":[{\"@type\":\"WebPage\",\"@id\":\"https:\\\/\\\/osteopathie-nice.fr\\\/index.php\\\/guide-shopping-bien-etre\\\/\",\"url\":\"https:\\\/\\\/osteopathie-nice.fr\\\/index.php\\\/guide-shopping-bien-etre\\\/\",\"name\":\"Guide Shopping bien \u00eatre - Ost\u00e9opathe Nice Centre - Blanche-Ma\u00eblleFlorance\",\"isPartOf\":{\"@id\":\"https:\\\/\\\/osteopathie-nice.fr\\\/#website\"},\"datePublished\":\"2022-03-22T15:45:35+00:00\",\"dateModified\":\"2023-10-23T08:02:54+00:00\",\"breadcrumb\":{\"@id\":\"https:\\\/\\\/osteopathie-nice.fr\\\/index.php\\\/guide-shopping-bien-etre\\\/#breadcrumb\"},\"inLanguage\":\"fr-FR\",\"potentialAction\":[{\"@type\":\"ReadAction\",\"target\":[\"https:\\\/\\\/osteopathie-nice.fr\\\/index.php\\\/guide-shopping-bien-etre\\\/\"]}]},{\"@type\":\"BreadcrumbList\",\"@id\":\"https:\\\/\\\/osteopathie-nice.fr\\\/index.php\\\/guide-shopping-bien-etre\\\/#breadcrumb\",\"itemListElement\":[{\"@type\":\"ListItem\",\"position\":1,\"name\":\"Accueil\",\"item\":\"https:\\\/\\\/osteopathie-nice.fr\\\/\"},{\"@type\":\"ListItem\",\"position\":2,\"name\":\"Guide Shopping bien \u00eatre\"}]},{\"@type\":\"WebSite\",\"@id\":\"https:\\\/\\\/osteopathie-nice.fr\\\/#website\",\"url\":\"https:\\\/\\\/osteopathie-nice.fr\\\/\",\"name\":\"BM Florance Ost\u00e9opathe Nice\",\"description\":\"Ost\u00e9opathie douce cr\u00e2nienne visc\u00e9rale et articulaire.\",\"potentialAction\":[{\"@type\":\"SearchAction\",\"target\":{\"@type\":\"EntryPoint\",\"urlTemplate\":\"https:\\\/\\\/osteopathie-nice.fr\\\/?s={search_term_string}\"},\"query-input\":{\"@type\":\"PropertyValueSpecification\",\"valueRequired\":true,\"valueName\":\"search_term_string\"}}],\"inLanguage\":\"fr-FR\"}]}<\/script>\n<!-- \/ Yoast SEO plugin. -->","yoast_head_json":{"title":"Guide Shopping bien \u00eatre - Ost\u00e9opathe Nice Centre - Blanche-Ma\u00eblleFlorance","robots":{"index":"index","follow":"follow","max-snippet":"max-snippet:-1","max-image-preview":"max-image-preview:large","max-video-preview":"max-video-preview:-1"},"canonical":"https:\/\/osteopathie-nice.fr\/index.php\/guide-shopping-bien-etre\/","og_locale":"fr_FR","og_type":"article","og_title":"Guide Shopping bien \u00eatre - Ost\u00e9opathe Nice Centre - Blanche-Ma\u00eblleFlorance","og_description":"Cette page est l\u00e0 pour vous aider \u00e0 faire votre shopping . Des objets utiles pour votre confort et votre bien-\u00eatre. Les articles pr\u00e9sents ont \u00e9t\u00e9 test\u00e9s et approuv\u00e9s par &hellip;","og_url":"https:\/\/osteopathie-nice.fr\/index.php\/guide-shopping-bien-etre\/","og_site_name":"Ost\u00e9opathe Nice Centre - Blanche-Ma\u00eblleFlorance","article_publisher":"https:\/\/www.facebook.com\/osteopathenice","article_modified_time":"2023-10-23T08:02:54+00:00","twitter_card":"summary_large_image","twitter_site":"@osteonice","twitter_misc":{"Dur\u00e9e de lecture estim\u00e9e":"1 minute"},"schema":{"@context":"https:\/\/schema.org","@graph":[{"@type":"WebPage","@id":"https:\/\/osteopathie-nice.fr\/index.php\/guide-shopping-bien-etre\/","url":"https:\/\/osteopathie-nice.fr\/index.php\/guide-shopping-bien-etre\/","name":"Guide Shopping bien \u00eatre - Ost\u00e9opathe Nice Centre - Blanche-Ma\u00eblleFlorance","isPartOf":{"@id":"https:\/\/osteopathie-nice.fr\/#website"},"datePublished":"2022-03-22T15:45:35+00:00","dateModified":"2023-10-23T08:02:54+00:00","breadcrumb":{"@id":"https:\/\/osteopathie-nice.fr\/index.php\/guide-shopping-bien-etre\/#breadcrumb"},"inLanguage":"fr-FR","potentialAction":[{"@type":"ReadAction","target":["https:\/\/osteopathie-nice.fr\/index.php\/guide-shopping-bien-etre\/"]}]},{"@type":"BreadcrumbList","@id":"https:\/\/osteopathie-nice.fr\/index.php\/guide-shopping-bien-etre\/#breadcrumb","itemListElement":[{"@type":"ListItem","position":1,"name":"Accueil","item":"https:\/\/osteopathie-nice.fr\/"},{"@type":"ListItem","position":2,"name":"Guide Shopping bien \u00eatre"}]},{"@type":"WebSite","@id":"https:\/\/osteopathie-nice.fr\/#website","url":"https:\/\/osteopathie-nice.fr\/","name":"BM Florance Ost\u00e9opathe Nice","description":"Ost\u00e9opathie douce cr\u00e2nienne visc\u00e9rale et articulaire.","potentialAction":[{"@type":"SearchAction","target":{"@type":"EntryPoint","urlTemplate":"https:\/\/osteopathie-nice.fr\/?s={search_term_string}"},"query-input":{"@type":"PropertyValueSpecification","valueRequired":true,"valueName":"search_term_string"}}],"inLanguage":"fr-FR"}]}},"_links":{"self":[{"href":"https:\/\/osteopathie-nice.fr\/index.php\/wp-json\/wp\/v2\/pages\/333","targetHints":{"allow":["GET"]}}],"collection":[{"href":"https:\/\/osteopathie-nice.fr\/index.php\/wp-json\/wp\/v2\/pages"}],"about":[{"href":"https:\/\/osteopathie-nice.fr\/index.php\/wp-json\/wp\/v2\/types\/page"}],"author":[{"embeddable":true,"href":"https:\/\/osteopathie-nice.fr\/index.php\/wp-json\/wp\/v2\/users\/1"}],"replies":[{"embeddable":true,"href":"https:\/\/osteopathie-nice.fr\/index.php\/wp-json\/wp\/v2\/comments?post=333"}],"version-history":[{"count":9,"href":"https:\/\/osteopathie-nice.fr\/index.php\/wp-json\/wp\/v2\/pages\/333\/revisions"}],"predecessor-version":[{"id":581,"href":"https:\/\/osteopathie-nice.fr\/index.php\/wp-json\/wp\/v2\/pages\/333\/revisions\/581"}],"wp:attachment":[{"href":"https:\/\/osteopathie-nice.fr\/index.php\/wp-json\/wp\/v2\/media?parent=333"}],"curies":[{"name":"wp","href":"https:\/\/api.w.org\/{rel}","templated":true}]}}