{"id":34,"date":"2020-09-07T17:03:01","date_gmt":"2020-09-07T15:03:01","guid":{"rendered":"http:\/\/osteopathie-nice.fr\/?page_id=34"},"modified":"2020-10-20T18:06:50","modified_gmt":"2020-10-20T16:06:50","slug":"prendre-rdv","status":"publish","type":"page","link":"https:\/\/osteopathie-nice.fr\/index.php\/prendre-rdv\/","title":{"rendered":"Prendre RDV"},"content":{"rendered":"\n<div class=\"wp-block-media-text alignwide is-stacked-on-mobile\"><figure class=\"wp-block-media-text__media\"><img loading=\"lazy\" decoding=\"async\" width=\"600\" height=\"400\" src=\"https:\/\/osteopathie-nice.fr\/wp-content\/uploads\/2020\/09\/50993898.jpg\" alt=\"\" class=\"wp-image-35\" srcset=\"https:\/\/osteopathie-nice.fr\/wp-content\/uploads\/2020\/09\/50993898.jpg 600w, https:\/\/osteopathie-nice.fr\/wp-content\/uploads\/2020\/09\/50993898-300x200.jpg 300w\" sizes=\"auto, (max-width: 600px) 100vw, 600px\" \/><\/figure><div class=\"wp-block-media-text__content\">\n<p class=\"has-text-align-center\"><strong>En ligne 24H\/24 7J\/7 sur DOCTOLIB<\/strong><\/p>\n\n\n\n<p class=\"has-text-align-center\"><strong><a href=\"https:\/\/www.doctolib.fr\/osteopathe\/nice\/blanche-maelle-florance\">cliquez ICI<\/a><\/strong><\/p>\n\n\n\n<p class=\"has-text-align-center\"><strong>Par t\u00e9l\u00e9phone ou SMS:<\/strong><\/p>\n\n\n\n<p class=\"has-text-align-center\">06.24.64.12.14<img loading=\"lazy\" decoding=\"async\" alt=\"\" src=\"resource:\/\/skype_ff_extension-at-jetpack\/skype_ff_extension\/data\/call_skype_logo.png\" width=\"0\" height=\"0\"><\/p>\n\n\n\n<p class=\"has-text-align-center\"><strong>Par email<\/strong><\/p>\n\n\n\n<p class=\"has-text-align-center\"><a href=\"mailto:osteopathe.florance@gmail.com\">osteopathe.florance@gmail.com<\/a><\/p>\n\n\n\n<p class=\"has-text-align-center\">Envoyez-moi vos disponibilit\u00e9s et je vous proposerai un rdv qui vous convient.<\/p>\n\n\n\n<p class=\"has-text-align-center\"><a href=\"http:\/\/old.osteopathie-nice.fr\/venir-au-cabinet.html\">PLAN D&rsquo;ACCES<\/a>&nbsp;&nbsp;&nbsp; <a href=\"http:\/\/old.osteopathie-nice.fr\/publication.html\">TARIFS<\/a>&nbsp;&nbsp; <a href=\"http:\/\/old.osteopathie-nice.fr\/venir-au-cabinet.html\">PARKING<\/a>&nbsp;<\/p>\n<\/div><\/div>\n","protected":false},"excerpt":{"rendered":"<p>En ligne 24H\/24 7J\/7 sur DOCTOLIB cliquez ICI Par t\u00e9l\u00e9phone ou SMS: 06.24.64.12.14 Par email osteopathe.florance@gmail.com Envoyez-moi vos disponibilit\u00e9s et je vous proposerai un rdv qui vous convient. PLAN D&rsquo;ACCES&nbsp;&nbsp;&nbsp; &hellip; <\/p>\n","protected":false},"author":1,"featured_media":0,"parent":0,"menu_order":0,"comment_status":"closed","ping_status":"closed","template":"","meta":{"_yoast_wpseo_focuskw":"","_yoast_wpseo_title":"","_yoast_wpseo_metadesc":"","footnotes":""},"class_list":["post-34","page","type-page","status-publish","hentry"],"yoast_head":"<!-- This site is optimized with the Yoast SEO plugin v27.4 - https:\/\/yoast.com\/product\/yoast-seo-wordpress\/ -->\n<title>Prendre RDV - Ost\u00e9opathe Nice Centre - Blanche-Ma\u00eblleFlorance<\/title>\n<meta name=\"robots\" content=\"index, follow, max-snippet:-1, max-image-preview:large, max-video-preview:-1\" \/>\n<link rel=\"canonical\" href=\"https:\/\/osteopathie-nice.fr\/index.php\/prendre-rdv\/\" \/>\n<meta property=\"og:locale\" content=\"fr_FR\" \/>\n<meta property=\"og:type\" content=\"article\" \/>\n<meta property=\"og:title\" content=\"Prendre RDV - Ost\u00e9opathe Nice Centre - Blanche-Ma\u00eblleFlorance\" \/>\n<meta property=\"og:description\" content=\"En ligne 24H\/24 7J\/7 sur DOCTOLIB cliquez ICI Par t\u00e9l\u00e9phone ou SMS: 06.24.64.12.14 Par email osteopathe.florance@gmail.com Envoyez-moi vos disponibilit\u00e9s et je vous proposerai un rdv qui vous convient. PLAN D&rsquo;ACCES&nbsp;&nbsp;&nbsp; &hellip;\" \/>\n<meta property=\"og:url\" content=\"https:\/\/osteopathie-nice.fr\/index.php\/prendre-rdv\/\" \/>\n<meta property=\"og:site_name\" content=\"Ost\u00e9opathe Nice Centre - Blanche-Ma\u00eblleFlorance\" \/>\n<meta property=\"article:publisher\" content=\"https:\/\/www.facebook.com\/osteopathenice\" \/>\n<meta property=\"article:modified_time\" content=\"2020-10-20T16:06:50+00:00\" \/>\n<meta property=\"og:image\" content=\"http:\/\/osteopathie-nice.fr\/wp-content\/uploads\/2020\/09\/50993898.jpg\" \/>\n<meta name=\"twitter:card\" content=\"summary_large_image\" \/>\n<meta name=\"twitter:site\" content=\"@osteonice\" \/>\n<script type=\"application\/ld+json\" class=\"yoast-schema-graph\">{\"@context\":\"https:\\\/\\\/schema.org\",\"@graph\":[{\"@type\":\"WebPage\",\"@id\":\"https:\\\/\\\/osteopathie-nice.fr\\\/index.php\\\/prendre-rdv\\\/\",\"url\":\"https:\\\/\\\/osteopathie-nice.fr\\\/index.php\\\/prendre-rdv\\\/\",\"name\":\"Prendre RDV - Ost\u00e9opathe Nice Centre - Blanche-Ma\u00eblleFlorance\",\"isPartOf\":{\"@id\":\"https:\\\/\\\/osteopathie-nice.fr\\\/#website\"},\"primaryImageOfPage\":{\"@id\":\"https:\\\/\\\/osteopathie-nice.fr\\\/index.php\\\/prendre-rdv\\\/#primaryimage\"},\"image\":{\"@id\":\"https:\\\/\\\/osteopathie-nice.fr\\\/index.php\\\/prendre-rdv\\\/#primaryimage\"},\"thumbnailUrl\":\"http:\\\/\\\/osteopathie-nice.fr\\\/wp-content\\\/uploads\\\/2020\\\/09\\\/50993898.jpg\",\"datePublished\":\"2020-09-07T15:03:01+00:00\",\"dateModified\":\"2020-10-20T16:06:50+00:00\",\"breadcrumb\":{\"@id\":\"https:\\\/\\\/osteopathie-nice.fr\\\/index.php\\\/prendre-rdv\\\/#breadcrumb\"},\"inLanguage\":\"fr-FR\",\"potentialAction\":[{\"@type\":\"ReadAction\",\"target\":[\"https:\\\/\\\/osteopathie-nice.fr\\\/index.php\\\/prendre-rdv\\\/\"]}]},{\"@type\":\"ImageObject\",\"inLanguage\":\"fr-FR\",\"@id\":\"https:\\\/\\\/osteopathie-nice.fr\\\/index.php\\\/prendre-rdv\\\/#primaryimage\",\"url\":\"https:\\\/\\\/osteopathie-nice.fr\\\/wp-content\\\/uploads\\\/2020\\\/09\\\/50993898.jpg\",\"contentUrl\":\"https:\\\/\\\/osteopathie-nice.fr\\\/wp-content\\\/uploads\\\/2020\\\/09\\\/50993898.jpg\",\"width\":600,\"height\":400},{\"@type\":\"BreadcrumbList\",\"@id\":\"https:\\\/\\\/osteopathie-nice.fr\\\/index.php\\\/prendre-rdv\\\/#breadcrumb\",\"itemListElement\":[{\"@type\":\"ListItem\",\"position\":1,\"name\":\"Accueil\",\"item\":\"https:\\\/\\\/osteopathie-nice.fr\\\/\"},{\"@type\":\"ListItem\",\"position\":2,\"name\":\"Prendre RDV\"}]},{\"@type\":\"WebSite\",\"@id\":\"https:\\\/\\\/osteopathie-nice.fr\\\/#website\",\"url\":\"https:\\\/\\\/osteopathie-nice.fr\\\/\",\"name\":\"BM Florance Ost\u00e9opathe Nice\",\"description\":\"Ost\u00e9opathie douce cr\u00e2nienne visc\u00e9rale et articulaire.\",\"potentialAction\":[{\"@type\":\"SearchAction\",\"target\":{\"@type\":\"EntryPoint\",\"urlTemplate\":\"https:\\\/\\\/osteopathie-nice.fr\\\/?s={search_term_string}\"},\"query-input\":{\"@type\":\"PropertyValueSpecification\",\"valueRequired\":true,\"valueName\":\"search_term_string\"}}],\"inLanguage\":\"fr-FR\"}]}<\/script>\n<!-- \/ Yoast SEO plugin. -->","yoast_head_json":{"title":"Prendre RDV - Ost\u00e9opathe Nice Centre - Blanche-Ma\u00eblleFlorance","robots":{"index":"index","follow":"follow","max-snippet":"max-snippet:-1","max-image-preview":"max-image-preview:large","max-video-preview":"max-video-preview:-1"},"canonical":"https:\/\/osteopathie-nice.fr\/index.php\/prendre-rdv\/","og_locale":"fr_FR","og_type":"article","og_title":"Prendre RDV - Ost\u00e9opathe Nice Centre - Blanche-Ma\u00eblleFlorance","og_description":"En ligne 24H\/24 7J\/7 sur DOCTOLIB cliquez ICI Par t\u00e9l\u00e9phone ou SMS: 06.24.64.12.14 Par email osteopathe.florance@gmail.com Envoyez-moi vos disponibilit\u00e9s et je vous proposerai un rdv qui vous convient. PLAN D&rsquo;ACCES&nbsp;&nbsp;&nbsp; &hellip;","og_url":"https:\/\/osteopathie-nice.fr\/index.php\/prendre-rdv\/","og_site_name":"Ost\u00e9opathe Nice Centre - Blanche-Ma\u00eblleFlorance","article_publisher":"https:\/\/www.facebook.com\/osteopathenice","article_modified_time":"2020-10-20T16:06:50+00:00","og_image":[{"url":"http:\/\/osteopathie-nice.fr\/wp-content\/uploads\/2020\/09\/50993898.jpg","type":"","width":"","height":""}],"twitter_card":"summary_large_image","twitter_site":"@osteonice","schema":{"@context":"https:\/\/schema.org","@graph":[{"@type":"WebPage","@id":"https:\/\/osteopathie-nice.fr\/index.php\/prendre-rdv\/","url":"https:\/\/osteopathie-nice.fr\/index.php\/prendre-rdv\/","name":"Prendre RDV - Ost\u00e9opathe Nice Centre - Blanche-Ma\u00eblleFlorance","isPartOf":{"@id":"https:\/\/osteopathie-nice.fr\/#website"},"primaryImageOfPage":{"@id":"https:\/\/osteopathie-nice.fr\/index.php\/prendre-rdv\/#primaryimage"},"image":{"@id":"https:\/\/osteopathie-nice.fr\/index.php\/prendre-rdv\/#primaryimage"},"thumbnailUrl":"http:\/\/osteopathie-nice.fr\/wp-content\/uploads\/2020\/09\/50993898.jpg","datePublished":"2020-09-07T15:03:01+00:00","dateModified":"2020-10-20T16:06:50+00:00","breadcrumb":{"@id":"https:\/\/osteopathie-nice.fr\/index.php\/prendre-rdv\/#breadcrumb"},"inLanguage":"fr-FR","potentialAction":[{"@type":"ReadAction","target":["https:\/\/osteopathie-nice.fr\/index.php\/prendre-rdv\/"]}]},{"@type":"ImageObject","inLanguage":"fr-FR","@id":"https:\/\/osteopathie-nice.fr\/index.php\/prendre-rdv\/#primaryimage","url":"https:\/\/osteopathie-nice.fr\/wp-content\/uploads\/2020\/09\/50993898.jpg","contentUrl":"https:\/\/osteopathie-nice.fr\/wp-content\/uploads\/2020\/09\/50993898.jpg","width":600,"height":400},{"@type":"BreadcrumbList","@id":"https:\/\/osteopathie-nice.fr\/index.php\/prendre-rdv\/#breadcrumb","itemListElement":[{"@type":"ListItem","position":1,"name":"Accueil","item":"https:\/\/osteopathie-nice.fr\/"},{"@type":"ListItem","position":2,"name":"Prendre RDV"}]},{"@type":"WebSite","@id":"https:\/\/osteopathie-nice.fr\/#website","url":"https:\/\/osteopathie-nice.fr\/","name":"BM Florance Ost\u00e9opathe Nice","description":"Ost\u00e9opathie douce cr\u00e2nienne visc\u00e9rale et articulaire.","potentialAction":[{"@type":"SearchAction","target":{"@type":"EntryPoint","urlTemplate":"https:\/\/osteopathie-nice.fr\/?s={search_term_string}"},"query-input":{"@type":"PropertyValueSpecification","valueRequired":true,"valueName":"search_term_string"}}],"inLanguage":"fr-FR"}]}},"_links":{"self":[{"href":"https:\/\/osteopathie-nice.fr\/index.php\/wp-json\/wp\/v2\/pages\/34","targetHints":{"allow":["GET"]}}],"collection":[{"href":"https:\/\/osteopathie-nice.fr\/index.php\/wp-json\/wp\/v2\/pages"}],"about":[{"href":"https:\/\/osteopathie-nice.fr\/index.php\/wp-json\/wp\/v2\/types\/page"}],"author":[{"embeddable":true,"href":"https:\/\/osteopathie-nice.fr\/index.php\/wp-json\/wp\/v2\/users\/1"}],"replies":[{"embeddable":true,"href":"https:\/\/osteopathie-nice.fr\/index.php\/wp-json\/wp\/v2\/comments?post=34"}],"version-history":[{"count":2,"href":"https:\/\/osteopathie-nice.fr\/index.php\/wp-json\/wp\/v2\/pages\/34\/revisions"}],"predecessor-version":[{"id":225,"href":"https:\/\/osteopathie-nice.fr\/index.php\/wp-json\/wp\/v2\/pages\/34\/revisions\/225"}],"wp:attachment":[{"href":"https:\/\/osteopathie-nice.fr\/index.php\/wp-json\/wp\/v2\/media?parent=34"}],"curies":[{"name":"wp","href":"https:\/\/api.w.org\/{rel}","templated":true}]}}