{"id":457,"date":"2023-01-17T21:10:39","date_gmt":"2023-01-17T20:10:39","guid":{"rendered":"https:\/\/osteopathie-nice.fr\/?page_id=457"},"modified":"2023-01-17T21:22:05","modified_gmt":"2023-01-17T20:22:05","slug":"articles-du-blog","status":"publish","type":"page","link":"https:\/\/osteopathie-nice.fr\/index.php\/articles-du-blog\/","title":{"rendered":"Articles du blog"},"content":{"rendered":"\n<div class=\"wp-block-columns is-layout-flex wp-container-core-columns-is-layout-9d6595d7 wp-block-columns-is-layout-flex\">\n<div class=\"wp-block-column is-layout-flow wp-block-column-is-layout-flow\" style=\"flex-basis:25%\">\n<h2 class=\"wp-block-heading\">Cat\u00e9gories<\/h2>\n\n\n<ul class=\"wp-block-categories-list wp-block-categories\">\t<li class=\"cat-item cat-item-29\"><a href=\"https:\/\/osteopathie-nice.fr\/index.php\/category\/autres-therapies\/\">Autres Th\u00e9rapies<\/a>\n<\/li>\n\t<li class=\"cat-item cat-item-10\"><a href=\"https:\/\/osteopathie-nice.fr\/index.php\/category\/infos-pratiques\/\">infos pratiques<\/a>\n<\/li>\n\t<li class=\"cat-item cat-item-5\"><a href=\"https:\/\/osteopathie-nice.fr\/index.php\/category\/losteopathie-on-vous-explique-tout\/\">L&#039;ost\u00e9opatie on vous explique .<\/a>\n<\/li>\n\t<li class=\"cat-item cat-item-7\"><a href=\"https:\/\/osteopathie-nice.fr\/index.php\/category\/ma-vie-de-maman\/\">Ma vie de maman<\/a>\n<\/li>\n\t<li class=\"cat-item cat-item-6\"><a href=\"https:\/\/osteopathie-nice.fr\/index.php\/category\/motifs-de-consultation\/\">Motifs de Consultation<\/a>\n<\/li>\n\t<li class=\"cat-item cat-item-9\"><a href=\"https:\/\/osteopathie-nice.fr\/index.php\/category\/publication-scientifique\/\">publication scientifique<\/a>\n<\/li>\n\t<li class=\"cat-item cat-item-1\"><a href=\"https:\/\/osteopathie-nice.fr\/index.php\/category\/qui-peut-consulter-un-osteopathe\/\">Qui peut consulter un ost\u00e9opathe?<\/a>\n<\/li>\n<\/ul><\/div>\n\n\n\n<div class=\"wp-block-column is-layout-flow wp-block-column-is-layout-flow\" style=\"flex-basis:50%\">\n<div class=\"wp-block-query is-layout-flow wp-block-query-is-layout-flow\"><ul class=\"wp-block-post-template is-layout-flow wp-block-post-template-is-layout-flow\"><li class=\"wp-block-post post-719 post type-post status-publish format-standard hentry category-losteopathie-on-vous-explique-tout\">\n<h2 class=\"wp-block-post-title\"><a href=\"https:\/\/osteopathie-nice.fr\/index.php\/2026\/03\/06\/osteopathie-viscerale-soulager-les-troubles-digestifs-de-maniere-naturelle\/\" target=\"_self\" >Ost\u00e9opathie visc\u00e9rale : soulager les troubles digestifs de mani\u00e8re naturelle<\/a><\/h2>\n\n\n\n<div class=\"wp-block-post-excerpt\"><p class=\"wp-block-post-excerpt__excerpt\">Troubles digestifs, douleurs abdominales ou inconfort apr\u00e8s les repas ne sont pas une fatalit\u00e9. Face \u00e0 ces d\u00e9sagr\u00e9ments du quotidien, l\u2019ost\u00e9opathie visc\u00e9rale s\u2019impose comme une approche douce et efficace. Cette &hellip; <\/p><\/div>\n\n\n<hr class=\"wp-block-separator has-css-opacity\"\/>\n\n\n<div class=\"wp-block-post-date\"><time datetime=\"2026-03-06T15:40:00+01:00\">6 mars 2026<\/time><\/div>\n<\/li><li class=\"wp-block-post post-151 post type-post status-publish format-standard hentry category-ma-vie-de-maman category-motifs-de-consultation category-qui-peut-consulter-un-osteopathe\">\n<h2 class=\"wp-block-post-title\"><a href=\"https:\/\/osteopathie-nice.fr\/index.php\/2026\/03\/03\/quand-emmener-bebe-chez-losteopathe\/\" target=\"_self\" >Quand emmener b\u00e9b\u00e9 chez l&#8217;ost\u00e9opathe ?<\/a><\/h2>\n\n\n\n<div class=\"wp-block-post-excerpt\"><p class=\"wp-block-post-excerpt__excerpt\">Devenir parent, c\u2019est magique.C\u2019est aussi d\u00e9couvrir qu\u2019un tout petit \u00eatre humain peut produire \u00e9norm\u00e9ment de bruit\u2026 surtout la nuit. Entre les pleurs, les reflux, les coliques et les positions dignes &hellip; <\/p><\/div>\n\n\n<hr class=\"wp-block-separator has-css-opacity\"\/>\n\n\n<div class=\"wp-block-post-date\"><time datetime=\"2026-03-03T16:42:32+01:00\">3 mars 2026<\/time><\/div>\n<\/li><li class=\"wp-block-post post-695 post type-post status-publish format-standard hentry category-losteopathie-on-vous-explique-tout category-motifs-de-consultation category-qui-peut-consulter-un-osteopathe\">\n<h2 class=\"wp-block-post-title\"><a href=\"https:\/\/osteopathie-nice.fr\/index.php\/2026\/02\/12\/nerf-vague-symptomes\/\" target=\"_self\" >Le nerf vague : r\u00f4le, fonctionnement et sympt\u00f4mes d\u2019un d\u00e9s\u00e9quilibre<\/a><\/h2>\n\n\n\n<div class=\"wp-block-post-excerpt\"><p class=\"wp-block-post-excerpt__excerpt\">Le nerf vague joue un r\u00f4le fondamental dans l\u2019\u00e9quilibre du corps. Pourtant, lorsqu\u2019il fonctionne mal, ses sympt\u00f4mes sont souvent diffus, vari\u00e9s et difficiles \u00e0 identifier. Fatigue chronique, troubles digestifs, stress &hellip; <\/p><\/div>\n\n\n<hr class=\"wp-block-separator has-css-opacity\"\/>\n\n\n<div class=\"wp-block-post-date\"><time datetime=\"2026-02-12T11:04:33+01:00\">12 f\u00e9vrier 2026<\/time><\/div>\n<\/li><\/ul><\/div>\n<\/div>\n\n\n\n<div class=\"wp-block-column is-layout-flow wp-block-column-is-layout-flow\" style=\"flex-basis:25%\">\n<h2 class=\"wp-block-heading\">Sommaire<\/h2>\n\n\n<ul class=\"wp-block-latest-posts__list wp-block-latest-posts\"><li><a class=\"wp-block-latest-posts__post-title\" href=\"https:\/\/osteopathie-nice.fr\/index.php\/2026\/03\/06\/osteopathie-viscerale-soulager-les-troubles-digestifs-de-maniere-naturelle\/\">Ost\u00e9opathie visc\u00e9rale : soulager les troubles digestifs de mani\u00e8re naturelle<\/a><\/li>\n<li><a class=\"wp-block-latest-posts__post-title\" href=\"https:\/\/osteopathie-nice.fr\/index.php\/2026\/03\/03\/quand-emmener-bebe-chez-losteopathe\/\">Quand emmener b\u00e9b\u00e9 chez l&#8217;ost\u00e9opathe ?<\/a><\/li>\n<li><a class=\"wp-block-latest-posts__post-title\" href=\"https:\/\/osteopathie-nice.fr\/index.php\/2026\/02\/12\/nerf-vague-symptomes\/\">Le nerf vague : r\u00f4le, fonctionnement et sympt\u00f4mes d\u2019un d\u00e9s\u00e9quilibre<\/a><\/li>\n<li><a class=\"wp-block-latest-posts__post-title\" href=\"https:\/\/osteopathie-nice.fr\/index.php\/2026\/01\/27\/migraines-osteopathie\/\">Ost\u00e9opathie et migraines : une solution naturelle et efficace<\/a><\/li>\n<li><a class=\"wp-block-latest-posts__post-title\" href=\"https:\/\/osteopathie-nice.fr\/index.php\/2024\/11\/26\/traitement-du-nerf-vague-en-osteopathie\/\">Traitement du nerf vague en ost\u00e9opathie<\/a><\/li>\n<li><a class=\"wp-block-latest-posts__post-title\" href=\"https:\/\/osteopathie-nice.fr\/index.php\/2023\/10\/10\/comment-prendre-rdv-chez-losteopathe\/\">Comment prendre RDV chez l\u2019ost\u00e9opathe ?<\/a><\/li>\n<li><a class=\"wp-block-latest-posts__post-title\" href=\"https:\/\/osteopathie-nice.fr\/index.php\/2023\/10\/09\/pourquoi-ne-pas-faire-de-sport-apres-losteopathe\/\">Pourquoi \u00e9viter le sport apr\u00e8s l\u2019ost\u00e9opathe ?<\/a><\/li>\n<li><a class=\"wp-block-latest-posts__post-title\" href=\"https:\/\/osteopathie-nice.fr\/index.php\/2023\/10\/09\/quel-est-le-prix-dune-seance-dosteopathie\/\">Quel est le prix d&#8217;une s\u00e9ance d&#8217;ost\u00e9opathie ?<\/a><\/li>\n<li><a class=\"wp-block-latest-posts__post-title\" href=\"https:\/\/osteopathie-nice.fr\/index.php\/2023\/01\/17\/osteopathie-pour-les-seniors\/\">Ost\u00e9opathie pour les seniors<\/a><\/li>\n<li><a class=\"wp-block-latest-posts__post-title\" href=\"https:\/\/osteopathie-nice.fr\/index.php\/2022\/12\/12\/offrir-une-seance-dosteopathie\/\">Offrir une s\u00e9ance d&#8217;Ost\u00e9opathie<\/a><\/li>\n<li><a class=\"wp-block-latest-posts__post-title\" href=\"https:\/\/osteopathie-nice.fr\/index.php\/2020\/12\/22\/lhypnose\/\">L\u2019hypnose : c\u2019est quoi et pourquoi ?<\/a><\/li>\n<li><a class=\"wp-block-latest-posts__post-title\" href=\"https:\/\/osteopathie-nice.fr\/index.php\/2020\/10\/22\/losteopathie-ameliore-la-severite-du-syndrome-de-lintestin-irritable\/\">L&#8217;ost\u00e9opathie diminue la s\u00e9v\u00e9rit\u00e9 du syndrome de l&#8217;intestin irritable : Essai contr\u00f4l\u00e9 randomis\u00e9 pilote en simple aveugle<\/a><\/li>\n<li><a class=\"wp-block-latest-posts__post-title\" href=\"https:\/\/osteopathie-nice.fr\/index.php\/2020\/10\/08\/stress-sos-osteo\/\">&#8220;Oh Stress! SOS ost\u00e9o&#8221;<\/a><\/li>\n<li><a class=\"wp-block-latest-posts__post-title\" href=\"https:\/\/osteopathie-nice.fr\/index.php\/2020\/09\/28\/quand-consulter-son-osteopathe-pour-son-enfant\/\">L&rsquo;ost\u00e9opathie pour les enfants<\/a><\/li>\n<li><a class=\"wp-block-latest-posts__post-title\" href=\"https:\/\/osteopathie-nice.fr\/index.php\/2020\/09\/07\/osteo-ou-kine\/\">Quelle est la diff\u00e9rence entre un ost\u00e9opathe et un kin\u00e9sith\u00e9rapeute?<\/a><\/li>\n<\/ul><\/div>\n<\/div>\n","protected":false},"excerpt":{"rendered":"<p>Cat\u00e9gories Sommaire<\/p>\n","protected":false},"author":1,"featured_media":0,"parent":0,"menu_order":0,"comment_status":"closed","ping_status":"closed","template":"templates\/template-full-width.php","meta":{"_yoast_wpseo_focuskw":"","_yoast_wpseo_title":"","_yoast_wpseo_metadesc":"","footnotes":""},"class_list":["post-457","page","type-page","status-publish","hentry"],"yoast_head":"<!-- This site is optimized with the Yoast SEO plugin v27.5 - https:\/\/yoast.com\/product\/yoast-seo-wordpress\/ -->\n<title>Articles du blog - Ost\u00e9opathe Nice Centre - Blanche-Ma\u00eblleFlorance<\/title>\n<meta name=\"robots\" content=\"index, follow, max-snippet:-1, max-image-preview:large, max-video-preview:-1\" \/>\n<link rel=\"canonical\" href=\"https:\/\/osteopathie-nice.fr\/index.php\/articles-du-blog\/\" \/>\n<meta property=\"og:locale\" content=\"fr_FR\" \/>\n<meta property=\"og:type\" content=\"article\" \/>\n<meta property=\"og:title\" content=\"Articles du blog - Ost\u00e9opathe Nice Centre - Blanche-Ma\u00eblleFlorance\" \/>\n<meta property=\"og:description\" content=\"Cat\u00e9gories Sommaire\" \/>\n<meta property=\"og:url\" content=\"https:\/\/osteopathie-nice.fr\/index.php\/articles-du-blog\/\" \/>\n<meta property=\"og:site_name\" content=\"Ost\u00e9opathe Nice Centre - Blanche-Ma\u00eblleFlorance\" \/>\n<meta property=\"article:publisher\" content=\"https:\/\/www.facebook.com\/osteopathenice\" \/>\n<meta property=\"article:modified_time\" content=\"2023-01-17T20:22:05+00:00\" \/>\n<meta name=\"twitter:card\" content=\"summary_large_image\" \/>\n<meta name=\"twitter:site\" content=\"@osteonice\" \/>\n<meta name=\"twitter:label1\" content=\"Dur\u00e9e de lecture estim\u00e9e\" \/>\n\t<meta name=\"twitter:data1\" content=\"1 minute\" \/>\n<script type=\"application\/ld+json\" class=\"yoast-schema-graph\">{\"@context\":\"https:\\\/\\\/schema.org\",\"@graph\":[{\"@type\":\"WebPage\",\"@id\":\"https:\\\/\\\/osteopathie-nice.fr\\\/index.php\\\/articles-du-blog\\\/\",\"url\":\"https:\\\/\\\/osteopathie-nice.fr\\\/index.php\\\/articles-du-blog\\\/\",\"name\":\"Articles du blog - Ost\u00e9opathe Nice Centre - Blanche-Ma\u00eblleFlorance\",\"isPartOf\":{\"@id\":\"https:\\\/\\\/osteopathie-nice.fr\\\/#website\"},\"datePublished\":\"2023-01-17T20:10:39+00:00\",\"dateModified\":\"2023-01-17T20:22:05+00:00\",\"breadcrumb\":{\"@id\":\"https:\\\/\\\/osteopathie-nice.fr\\\/index.php\\\/articles-du-blog\\\/#breadcrumb\"},\"inLanguage\":\"fr-FR\",\"potentialAction\":[{\"@type\":\"ReadAction\",\"target\":[\"https:\\\/\\\/osteopathie-nice.fr\\\/index.php\\\/articles-du-blog\\\/\"]}]},{\"@type\":\"BreadcrumbList\",\"@id\":\"https:\\\/\\\/osteopathie-nice.fr\\\/index.php\\\/articles-du-blog\\\/#breadcrumb\",\"itemListElement\":[{\"@type\":\"ListItem\",\"position\":1,\"name\":\"Accueil\",\"item\":\"https:\\\/\\\/osteopathie-nice.fr\\\/\"},{\"@type\":\"ListItem\",\"position\":2,\"name\":\"Articles du blog\"}]},{\"@type\":\"WebSite\",\"@id\":\"https:\\\/\\\/osteopathie-nice.fr\\\/#website\",\"url\":\"https:\\\/\\\/osteopathie-nice.fr\\\/\",\"name\":\"BM Florance Ost\u00e9opathe Nice\",\"description\":\"Ost\u00e9opathie douce cr\u00e2nienne visc\u00e9rale et articulaire.\",\"potentialAction\":[{\"@type\":\"SearchAction\",\"target\":{\"@type\":\"EntryPoint\",\"urlTemplate\":\"https:\\\/\\\/osteopathie-nice.fr\\\/?s={search_term_string}\"},\"query-input\":{\"@type\":\"PropertyValueSpecification\",\"valueRequired\":true,\"valueName\":\"search_term_string\"}}],\"inLanguage\":\"fr-FR\"}]}<\/script>\n<!-- \/ Yoast SEO plugin. -->","yoast_head_json":{"title":"Articles du blog - Ost\u00e9opathe Nice Centre - Blanche-Ma\u00eblleFlorance","robots":{"index":"index","follow":"follow","max-snippet":"max-snippet:-1","max-image-preview":"max-image-preview:large","max-video-preview":"max-video-preview:-1"},"canonical":"https:\/\/osteopathie-nice.fr\/index.php\/articles-du-blog\/","og_locale":"fr_FR","og_type":"article","og_title":"Articles du blog - Ost\u00e9opathe Nice Centre - Blanche-Ma\u00eblleFlorance","og_description":"Cat\u00e9gories Sommaire","og_url":"https:\/\/osteopathie-nice.fr\/index.php\/articles-du-blog\/","og_site_name":"Ost\u00e9opathe Nice Centre - Blanche-Ma\u00eblleFlorance","article_publisher":"https:\/\/www.facebook.com\/osteopathenice","article_modified_time":"2023-01-17T20:22:05+00:00","twitter_card":"summary_large_image","twitter_site":"@osteonice","twitter_misc":{"Dur\u00e9e de lecture estim\u00e9e":"1 minute"},"schema":{"@context":"https:\/\/schema.org","@graph":[{"@type":"WebPage","@id":"https:\/\/osteopathie-nice.fr\/index.php\/articles-du-blog\/","url":"https:\/\/osteopathie-nice.fr\/index.php\/articles-du-blog\/","name":"Articles du blog - Ost\u00e9opathe Nice Centre - Blanche-Ma\u00eblleFlorance","isPartOf":{"@id":"https:\/\/osteopathie-nice.fr\/#website"},"datePublished":"2023-01-17T20:10:39+00:00","dateModified":"2023-01-17T20:22:05+00:00","breadcrumb":{"@id":"https:\/\/osteopathie-nice.fr\/index.php\/articles-du-blog\/#breadcrumb"},"inLanguage":"fr-FR","potentialAction":[{"@type":"ReadAction","target":["https:\/\/osteopathie-nice.fr\/index.php\/articles-du-blog\/"]}]},{"@type":"BreadcrumbList","@id":"https:\/\/osteopathie-nice.fr\/index.php\/articles-du-blog\/#breadcrumb","itemListElement":[{"@type":"ListItem","position":1,"name":"Accueil","item":"https:\/\/osteopathie-nice.fr\/"},{"@type":"ListItem","position":2,"name":"Articles du blog"}]},{"@type":"WebSite","@id":"https:\/\/osteopathie-nice.fr\/#website","url":"https:\/\/osteopathie-nice.fr\/","name":"BM Florance Ost\u00e9opathe Nice","description":"Ost\u00e9opathie douce cr\u00e2nienne visc\u00e9rale et articulaire.","potentialAction":[{"@type":"SearchAction","target":{"@type":"EntryPoint","urlTemplate":"https:\/\/osteopathie-nice.fr\/?s={search_term_string}"},"query-input":{"@type":"PropertyValueSpecification","valueRequired":true,"valueName":"search_term_string"}}],"inLanguage":"fr-FR"}]}},"_links":{"self":[{"href":"https:\/\/osteopathie-nice.fr\/index.php\/wp-json\/wp\/v2\/pages\/457","targetHints":{"allow":["GET"]}}],"collection":[{"href":"https:\/\/osteopathie-nice.fr\/index.php\/wp-json\/wp\/v2\/pages"}],"about":[{"href":"https:\/\/osteopathie-nice.fr\/index.php\/wp-json\/wp\/v2\/types\/page"}],"author":[{"embeddable":true,"href":"https:\/\/osteopathie-nice.fr\/index.php\/wp-json\/wp\/v2\/users\/1"}],"replies":[{"embeddable":true,"href":"https:\/\/osteopathie-nice.fr\/index.php\/wp-json\/wp\/v2\/comments?post=457"}],"version-history":[{"count":6,"href":"https:\/\/osteopathie-nice.fr\/index.php\/wp-json\/wp\/v2\/pages\/457\/revisions"}],"predecessor-version":[{"id":584,"href":"https:\/\/osteopathie-nice.fr\/index.php\/wp-json\/wp\/v2\/pages\/457\/revisions\/584"}],"wp:attachment":[{"href":"https:\/\/osteopathie-nice.fr\/index.php\/wp-json\/wp\/v2\/media?parent=457"}],"curies":[{"name":"wp","href":"https:\/\/api.w.org\/{rel}","templated":true}]}}