{"id":7,"date":"2020-09-07T16:22:46","date_gmt":"2020-09-07T14:22:46","guid":{"rendered":"http:\/\/osteopathie-nice.fr\/?page_id=7"},"modified":"2026-01-19T17:20:07","modified_gmt":"2026-01-19T16:20:07","slug":"blanche-maelle-florance-osteopathe-a-nice","status":"publish","type":"page","link":"https:\/\/osteopathie-nice.fr\/index.php\/blanche-maelle-florance-osteopathe-a-nice\/","title":{"rendered":"Votre ost\u00e9o \u00e0 Nice"},"content":{"rendered":"\n<div class=\"wp-block-group alignwide\"><div class=\"wp-block-group__inner-container is-layout-flow wp-block-group-is-layout-flow\">\n<div class=\"wp-block-media-text alignwide is-stacked-on-mobile\" style=\"grid-template-columns:15% auto\"><figure class=\"wp-block-media-text__media\"><img loading=\"lazy\" decoding=\"async\" width=\"200\" height=\"267\" src=\"https:\/\/osteopathie-nice.fr\/wp-content\/uploads\/2020\/09\/big_36969682_0_200-267.jpg\" alt=\"Portrait de Blanche-Ma\u00eblle FLORANCE ost\u00e9opathe \u00e0 Nice\" class=\"wp-image-41 size-full\"\/><\/figure><div class=\"wp-block-media-text__content\">\n<p class=\"has-large-font-size\">Je suis Blanche-Ma\u00eblle, Ost\u00e9opathe \u00e0 Nice depuis 2008 et sp\u00e9cialis\u00e9e dans les troubles digestifs, je travaille en douceur sans faire craquer. Je re\u00e7ois des patients de tous les \u00e2ges et \u00e9galement pour les douleurs de dos, les migraines, les otites chroniques et bien d&rsquo;autres. Tout d&rsquo;abord je trouve les points de tensions puis je d\u00e9tends et r\u00e9\u00e9quilibre. De plus je suis \u00e0 votre \u00e9coute et je prends le temps pour que vous sortiez soulag\u00e9 plus l\u00e9ger et d\u00e9tendu de votre s\u00e9ance d&rsquo;ost\u00e9opathie.<\/p>\n\n\n\n<p><\/p>\n<\/div><\/div>\n<\/div><\/div>\n\n\n\n<div class=\"wp-block-buttons is-layout-flex wp-block-buttons-is-layout-flex\">\n<div class=\"wp-block-button is-style-fill\"><a class=\"wp-block-button__link has-accent-background-color has-background wp-element-button\" href=\"https:\/\/www.doctolib.fr\/osteopathe\/nice\/blanche-maelle-florance\">PRENDRE RDV<\/a><\/div>\n<\/div>\n\n\n\n<h2 class=\"wp-block-heading\">Parcours<\/h2>\n\n\n\n<p class=\"has-text-align-left\">Apr\u00e8s une ann\u00e9e d&rsquo;\u00e9tude de m\u00e9decine je me suis rendue compte que je voulais soigner avec mes mains et je me suis orient\u00e9e vers le m\u00e9tier d&rsquo;Ost\u00e9opathe. <\/p>\n\n\n\n<p>J&rsquo;ai suivi le cursus de l&rsquo;\u00e9cole d&rsquo;Ost\u00e9opathie Atman (Nice Sophia-Antipolis) pendant 6 ans, j&rsquo;ai pratiqu\u00e9 l&rsquo;ost\u00e9opathie cr\u00e2nienne, visc\u00e9rale et musculo-squelettique. Au cours de cette formation j&rsquo;ai \u00e9galement re\u00e7u de solides connaissances m\u00e9dicales. J&rsquo;ai obtenu mon dipl\u00f4me d&rsquo;ost\u00e9opathe en 2007. Apr\u00e8s une ann\u00e9e \u00e0 travailler en Spa \u00e0 Paris je suis revenue m&rsquo;installer \u00e0 Nice.<\/p>\n\n\n\n<p>La 6e ann\u00e9e d&rsquo;\u00e9tude en Ost\u00e9opathie est une ann\u00e9e post-gradu\u00e9e durant laquelle j&rsquo;ai effectu\u00e9 de nombreux s\u00e9minaires (d\u00e9tails ci-dessous)&nbsp;ainsi qu&rsquo;un m\u00e9moire.<\/p>\n\n\n\n<h2 class=\"wp-block-heading\">M\u00e9moire et publication<\/h2>\n\n\n\n<p><mark style=\"background-color:rgba(0, 0, 0, 0)\" class=\"has-inline-color has-accent-color\">Ce m\u00e9moire de&nbsp;fin d&rsquo;\u00e9tude&nbsp;a eu pour sujet l&rsquo;efficacit\u00e9 de l&rsquo;ost\u00e9opathie sur <a href=\"https:\/\/osteopathie-nice.fr\/index.php\/troubles-digestifs\/\">le syndrome de l&rsquo;intestin irritable<\/a> (SII). J&rsquo;ai travaill\u00e9 en collaboration avec le Dr Thierry PICHE, gastro-ent\u00e9rologue au CHU l&rsquo;Archet \u00e0 Nice. Les r\u00e9sultats ont \u00e9t\u00e9 encourageants et nous poursuivons ensemble les recherches dans ce domaine. Un <a href=\"http:\/\/www.ncbi.nlm.nih.gov\/pubmed\/22546751\">article<\/a> sur&nbsp;ce&nbsp;travail&nbsp;a \u00e9t\u00e9 publi\u00e9 en avril 2012&nbsp;dans le Journal Europ\u00e9en de Gastroent\u00e9rologie et d&rsquo;H\u00e9pathologie.<\/mark><br><\/p>\n\n\n\n<p>En 2011, j&rsquo;ai suivi une formation de micro-nutrition \u00e0 la facult\u00e9 de pharmacie et suis d\u00e9sormais titulaire d&rsquo;un dipl\u00f4me universitaire de micro-nutrition. D\u00e9s lors en consultation, j&rsquo;aime compl\u00e9ter mon traitement par des conseils alimentaires lorsque c&rsquo;est profitable.<\/p>\n\n\n\n<p>En 2016, Je suis intervenue au congr\u00e9 internationnal d&rsquo;ost\u00e9obio \u00e0 Paris pour pr\u00e9senter cette \u00e9tude.<\/p>\n\n\n\n<p><mark style=\"background-color:rgba(0, 0, 0, 0)\" class=\"has-inline-color has-accent-color\">En 2018 je suis s\u00e9lectionn\u00e9e pour participer \u00e0 une nouvelle \u00e9tude nationale pluri-centriste en lien avec le CHU Saint-Louis Lariboisi\u00e8re de Paris et l&rsquo;AP-HP. Ce nouveau protocole enrichi ma pratique et ma prise en charge des patients atteints de troubles digestifs dans mon cabinet d&rsquo;ost\u00e9opathe \u00e0 Nice.<\/mark><\/p>\n\n\n\n<p>Ces derni\u00e8res ann\u00e9es je me suis form\u00e9es au cours de s\u00e9minaires dont voici la liste:<\/p>\n\n\n\n<h2 class=\"wp-block-heading\">S\u00e9minaires de formation en ost\u00e9opathie post-gradu\u00e9s suivis:<\/h2>\n\n\n\n<p><em>S\u00e9minaires dans la formation de base du<a href=\"http:\/\/www.lmoweb.com\/lmo\/est-que-lmo.html\"> lien m\u00e9canique ost\u00e9opathique<\/a> par MR P. CHAUFFOUR D.O. et E. PRAT D.O.&nbsp;:&nbsp;<\/em>&nbsp;<\/p>\n\n\n\n<p><em>-Le concept LMO appliqu\u00e9 au rachis et au thorax<\/em>&nbsp;<\/p>\n\n\n\n<p><em>&#8211; Le p\u00e9riph\u00e9rique ost\u00e9o-articulaire<\/em><\/p>\n\n\n\n<p><em>&#8211; Le visc\u00e9ral<\/em>&nbsp;<\/p>\n\n\n\n<p><em>&#8211; Le syst\u00e8me cardio-vasculaire<\/em><\/p>\n\n\n\n<p><em>&#8211; Le syst\u00e8me nerveux<\/em><\/p>\n\n\n\n<p><em>Pour plus d&rsquo;information sur cette formation: <\/em><a href=\"http:\/\/www.lmoweb.com\/lmo\/est-que-lmo.html\">http:\/\/www.lmoweb.com\/lmo\/est-que-lmo.html<\/a><\/p>\n\n\n\n<p><\/p>\n\n\n\n<p>\u00ab\u00a0La femme enceinte\u00a0\u00bb&nbsp; par Mme DANGREAU-MUSSAT D.O.<br><\/p>\n\n\n\n<p>\u00ab\u00a0P\u00e9diatrie: le sommeil, les troubles digestifs, la nervosit\u00e9\u00a0\u00bb par Mr P. TIDIERE D.O.<\/p>\n\n\n\n<p><em>\u00ab\u00a0Approche tissulaire en ost\u00e9opathie\u00a0\u00bb&nbsp;&nbsp;&nbsp;par Mr P. TRICOT D.O.<\/em><\/p>\n\n\n\n<p>\u00ab\u00a0Le drainage lympatique\u00a0\u00bb par Mme F. DUBOIS<\/p>\n\n\n\n<p>\u00ab\u00a0Ost\u00e9opathie sur le syst\u00e8me art\u00e9riel\u00a0\u00bb par Mr G. MARTINEZ&nbsp;D.O.<\/p>\n\n\n\n<p>\u00ab\u00a0Les fascias\u00a0\u00bb par Mr S. PAOLETTI D.O.<\/p>\n\n\n\n<p>\u00ab\u00a0Le structurel en bras de levier court\u00a0\u00bb par R. KUNZLER D.O.<\/p>\n\n\n\n<p>&nbsp;\u00ab\u00a0Le syst\u00e8me endocrine\u00a0\u00bb par Mr&nbsp;J.M. MICHELIN D.O.<\/p>\n\n\n\n<p>\u00ab\u00a0Les cha\u00eene craniennes et les cha\u00eenes musculaires corporelles\u00a0\u00bb par Mr J. ROCHEDREUX<\/p>\n\n\n\n<p>\u00ab\u00a0L&rsquo;alphabet du corps humain\u00a0\u00bb par Mr J.P. GUILIANI<\/p>\n\n\n\n<p>\u00ab\u00a0Int\u00e9r\u00eat du centre de gravit\u00e9 dans la manipulation ost\u00e9opathique structurelle fluidique\u00a0\u00bb&nbsp; et \u00a0\u00bb La posturologie\u00a0\u00bb par Mr D. PIANEL<\/p>\n\n\n\n<p>\u00ab\u00a0Le Cerveau ventre\u00a0\u00bb Fran\u00e7ois Bonnal<\/p>\n","protected":false},"excerpt":{"rendered":"<p>Je suis Blanche-Ma\u00eblle, Ost\u00e9opathe \u00e0 Nice depuis 2008 et sp\u00e9cialis\u00e9e dans les troubles digestifs, je travaille en douceur sans faire craquer. Je re\u00e7ois des patients de tous les \u00e2ges et &hellip; <\/p>\n","protected":false},"author":2,"featured_media":0,"parent":0,"menu_order":0,"comment_status":"closed","ping_status":"closed","template":"","meta":{"_yoast_wpseo_focuskw":"Blanche-Ma\u00eblle Florance ost\u00e9opathe \u00e0 Nice","_yoast_wpseo_title":"Blanche-Ma\u00eblle Florance ost\u00e9opathe \u00e0 Nice rue Berlioz","_yoast_wpseo_metadesc":"Blanche-Ma\u00eblle Florance ost\u00e9opathe \u00e0 Nice, parcours, dipl\u00f4mes et formations. Qui est-elle et quelle est sa vision de l'ost\u00e9opathie?","footnotes":""},"class_list":["post-7","page","type-page","status-publish","hentry"],"yoast_head":"<!-- This site is optimized with the Yoast SEO plugin v27.4 - https:\/\/yoast.com\/product\/yoast-seo-wordpress\/ -->\n<title>Blanche-Ma\u00eblle Florance ost\u00e9opathe \u00e0 Nice rue Berlioz<\/title>\n<meta name=\"description\" content=\"Blanche-Ma\u00eblle Florance ost\u00e9opathe \u00e0 Nice, parcours, dipl\u00f4mes et formations. Qui est-elle et quelle est sa vision de l&#039;ost\u00e9opathie?\" \/>\n<meta name=\"robots\" content=\"index, follow, max-snippet:-1, max-image-preview:large, max-video-preview:-1\" \/>\n<link rel=\"canonical\" href=\"https:\/\/osteopathie-nice.fr\/index.php\/blanche-maelle-florance-osteopathe-a-nice\/\" \/>\n<meta property=\"og:locale\" content=\"fr_FR\" \/>\n<meta property=\"og:type\" content=\"article\" \/>\n<meta property=\"og:title\" content=\"Blanche-Ma\u00eblle Florance ost\u00e9opathe \u00e0 Nice rue Berlioz\" \/>\n<meta property=\"og:description\" content=\"Blanche-Ma\u00eblle Florance ost\u00e9opathe \u00e0 Nice, parcours, dipl\u00f4mes et formations. Qui est-elle et quelle est sa vision de l&#039;ost\u00e9opathie?\" \/>\n<meta property=\"og:url\" content=\"https:\/\/osteopathie-nice.fr\/index.php\/blanche-maelle-florance-osteopathe-a-nice\/\" \/>\n<meta property=\"og:site_name\" content=\"Ost\u00e9opathe Nice Centre - Blanche-Ma\u00eblleFlorance\" \/>\n<meta property=\"article:publisher\" content=\"https:\/\/www.facebook.com\/osteopathenice\" \/>\n<meta property=\"article:modified_time\" content=\"2026-01-19T16:20:07+00:00\" \/>\n<meta property=\"og:image\" content=\"http:\/\/osteopathie-nice.fr\/wp-content\/uploads\/2020\/09\/big_36969682_0_200-267.jpg\" \/>\n<meta name=\"twitter:card\" content=\"summary_large_image\" \/>\n<meta name=\"twitter:site\" content=\"@osteonice\" \/>\n<meta name=\"twitter:label1\" content=\"Dur\u00e9e de lecture estim\u00e9e\" \/>\n\t<meta name=\"twitter:data1\" content=\"3 minutes\" \/>\n<script type=\"application\/ld+json\" class=\"yoast-schema-graph\">{\"@context\":\"https:\\\/\\\/schema.org\",\"@graph\":[{\"@type\":\"WebPage\",\"@id\":\"https:\\\/\\\/osteopathie-nice.fr\\\/index.php\\\/blanche-maelle-florance-osteopathe-a-nice\\\/\",\"url\":\"https:\\\/\\\/osteopathie-nice.fr\\\/index.php\\\/blanche-maelle-florance-osteopathe-a-nice\\\/\",\"name\":\"Blanche-Ma\u00eblle Florance ost\u00e9opathe \u00e0 Nice rue Berlioz\",\"isPartOf\":{\"@id\":\"https:\\\/\\\/osteopathie-nice.fr\\\/#website\"},\"primaryImageOfPage\":{\"@id\":\"https:\\\/\\\/osteopathie-nice.fr\\\/index.php\\\/blanche-maelle-florance-osteopathe-a-nice\\\/#primaryimage\"},\"image\":{\"@id\":\"https:\\\/\\\/osteopathie-nice.fr\\\/index.php\\\/blanche-maelle-florance-osteopathe-a-nice\\\/#primaryimage\"},\"thumbnailUrl\":\"http:\\\/\\\/osteopathie-nice.fr\\\/wp-content\\\/uploads\\\/2020\\\/09\\\/big_36969682_0_200-267.jpg\",\"datePublished\":\"2020-09-07T14:22:46+00:00\",\"dateModified\":\"2026-01-19T16:20:07+00:00\",\"description\":\"Blanche-Ma\u00eblle Florance ost\u00e9opathe \u00e0 Nice, parcours, dipl\u00f4mes et formations. Qui est-elle et quelle est sa vision de l'ost\u00e9opathie?\",\"breadcrumb\":{\"@id\":\"https:\\\/\\\/osteopathie-nice.fr\\\/index.php\\\/blanche-maelle-florance-osteopathe-a-nice\\\/#breadcrumb\"},\"inLanguage\":\"fr-FR\",\"potentialAction\":[{\"@type\":\"ReadAction\",\"target\":[\"https:\\\/\\\/osteopathie-nice.fr\\\/index.php\\\/blanche-maelle-florance-osteopathe-a-nice\\\/\"]}]},{\"@type\":\"ImageObject\",\"inLanguage\":\"fr-FR\",\"@id\":\"https:\\\/\\\/osteopathie-nice.fr\\\/index.php\\\/blanche-maelle-florance-osteopathe-a-nice\\\/#primaryimage\",\"url\":\"http:\\\/\\\/osteopathie-nice.fr\\\/wp-content\\\/uploads\\\/2020\\\/09\\\/big_36969682_0_200-267.jpg\",\"contentUrl\":\"http:\\\/\\\/osteopathie-nice.fr\\\/wp-content\\\/uploads\\\/2020\\\/09\\\/big_36969682_0_200-267.jpg\"},{\"@type\":\"BreadcrumbList\",\"@id\":\"https:\\\/\\\/osteopathie-nice.fr\\\/index.php\\\/blanche-maelle-florance-osteopathe-a-nice\\\/#breadcrumb\",\"itemListElement\":[{\"@type\":\"ListItem\",\"position\":1,\"name\":\"Accueil\",\"item\":\"https:\\\/\\\/osteopathie-nice.fr\\\/\"},{\"@type\":\"ListItem\",\"position\":2,\"name\":\"Votre ost\u00e9o \u00e0 Nice\"}]},{\"@type\":\"WebSite\",\"@id\":\"https:\\\/\\\/osteopathie-nice.fr\\\/#website\",\"url\":\"https:\\\/\\\/osteopathie-nice.fr\\\/\",\"name\":\"BM Florance Ost\u00e9opathe Nice\",\"description\":\"Ost\u00e9opathie douce cr\u00e2nienne visc\u00e9rale et articulaire.\",\"potentialAction\":[{\"@type\":\"SearchAction\",\"target\":{\"@type\":\"EntryPoint\",\"urlTemplate\":\"https:\\\/\\\/osteopathie-nice.fr\\\/?s={search_term_string}\"},\"query-input\":{\"@type\":\"PropertyValueSpecification\",\"valueRequired\":true,\"valueName\":\"search_term_string\"}}],\"inLanguage\":\"fr-FR\"}]}<\/script>\n<!-- \/ Yoast SEO plugin. -->","yoast_head_json":{"title":"Blanche-Ma\u00eblle Florance ost\u00e9opathe \u00e0 Nice rue Berlioz","description":"Blanche-Ma\u00eblle Florance ost\u00e9opathe \u00e0 Nice, parcours, dipl\u00f4mes et formations. Qui est-elle et quelle est sa vision de l'ost\u00e9opathie?","robots":{"index":"index","follow":"follow","max-snippet":"max-snippet:-1","max-image-preview":"max-image-preview:large","max-video-preview":"max-video-preview:-1"},"canonical":"https:\/\/osteopathie-nice.fr\/index.php\/blanche-maelle-florance-osteopathe-a-nice\/","og_locale":"fr_FR","og_type":"article","og_title":"Blanche-Ma\u00eblle Florance ost\u00e9opathe \u00e0 Nice rue Berlioz","og_description":"Blanche-Ma\u00eblle Florance ost\u00e9opathe \u00e0 Nice, parcours, dipl\u00f4mes et formations. Qui est-elle et quelle est sa vision de l'ost\u00e9opathie?","og_url":"https:\/\/osteopathie-nice.fr\/index.php\/blanche-maelle-florance-osteopathe-a-nice\/","og_site_name":"Ost\u00e9opathe Nice Centre - Blanche-Ma\u00eblleFlorance","article_publisher":"https:\/\/www.facebook.com\/osteopathenice","article_modified_time":"2026-01-19T16:20:07+00:00","og_image":[{"url":"http:\/\/osteopathie-nice.fr\/wp-content\/uploads\/2020\/09\/big_36969682_0_200-267.jpg","type":"","width":"","height":""}],"twitter_card":"summary_large_image","twitter_site":"@osteonice","twitter_misc":{"Dur\u00e9e de lecture estim\u00e9e":"3 minutes"},"schema":{"@context":"https:\/\/schema.org","@graph":[{"@type":"WebPage","@id":"https:\/\/osteopathie-nice.fr\/index.php\/blanche-maelle-florance-osteopathe-a-nice\/","url":"https:\/\/osteopathie-nice.fr\/index.php\/blanche-maelle-florance-osteopathe-a-nice\/","name":"Blanche-Ma\u00eblle Florance ost\u00e9opathe \u00e0 Nice rue Berlioz","isPartOf":{"@id":"https:\/\/osteopathie-nice.fr\/#website"},"primaryImageOfPage":{"@id":"https:\/\/osteopathie-nice.fr\/index.php\/blanche-maelle-florance-osteopathe-a-nice\/#primaryimage"},"image":{"@id":"https:\/\/osteopathie-nice.fr\/index.php\/blanche-maelle-florance-osteopathe-a-nice\/#primaryimage"},"thumbnailUrl":"http:\/\/osteopathie-nice.fr\/wp-content\/uploads\/2020\/09\/big_36969682_0_200-267.jpg","datePublished":"2020-09-07T14:22:46+00:00","dateModified":"2026-01-19T16:20:07+00:00","description":"Blanche-Ma\u00eblle Florance ost\u00e9opathe \u00e0 Nice, parcours, dipl\u00f4mes et formations. Qui est-elle et quelle est sa vision de l'ost\u00e9opathie?","breadcrumb":{"@id":"https:\/\/osteopathie-nice.fr\/index.php\/blanche-maelle-florance-osteopathe-a-nice\/#breadcrumb"},"inLanguage":"fr-FR","potentialAction":[{"@type":"ReadAction","target":["https:\/\/osteopathie-nice.fr\/index.php\/blanche-maelle-florance-osteopathe-a-nice\/"]}]},{"@type":"ImageObject","inLanguage":"fr-FR","@id":"https:\/\/osteopathie-nice.fr\/index.php\/blanche-maelle-florance-osteopathe-a-nice\/#primaryimage","url":"http:\/\/osteopathie-nice.fr\/wp-content\/uploads\/2020\/09\/big_36969682_0_200-267.jpg","contentUrl":"http:\/\/osteopathie-nice.fr\/wp-content\/uploads\/2020\/09\/big_36969682_0_200-267.jpg"},{"@type":"BreadcrumbList","@id":"https:\/\/osteopathie-nice.fr\/index.php\/blanche-maelle-florance-osteopathe-a-nice\/#breadcrumb","itemListElement":[{"@type":"ListItem","position":1,"name":"Accueil","item":"https:\/\/osteopathie-nice.fr\/"},{"@type":"ListItem","position":2,"name":"Votre ost\u00e9o \u00e0 Nice"}]},{"@type":"WebSite","@id":"https:\/\/osteopathie-nice.fr\/#website","url":"https:\/\/osteopathie-nice.fr\/","name":"BM Florance Ost\u00e9opathe Nice","description":"Ost\u00e9opathie douce cr\u00e2nienne visc\u00e9rale et articulaire.","potentialAction":[{"@type":"SearchAction","target":{"@type":"EntryPoint","urlTemplate":"https:\/\/osteopathie-nice.fr\/?s={search_term_string}"},"query-input":{"@type":"PropertyValueSpecification","valueRequired":true,"valueName":"search_term_string"}}],"inLanguage":"fr-FR"}]}},"_links":{"self":[{"href":"https:\/\/osteopathie-nice.fr\/index.php\/wp-json\/wp\/v2\/pages\/7","targetHints":{"allow":["GET"]}}],"collection":[{"href":"https:\/\/osteopathie-nice.fr\/index.php\/wp-json\/wp\/v2\/pages"}],"about":[{"href":"https:\/\/osteopathie-nice.fr\/index.php\/wp-json\/wp\/v2\/types\/page"}],"author":[{"embeddable":true,"href":"https:\/\/osteopathie-nice.fr\/index.php\/wp-json\/wp\/v2\/users\/2"}],"replies":[{"embeddable":true,"href":"https:\/\/osteopathie-nice.fr\/index.php\/wp-json\/wp\/v2\/comments?post=7"}],"version-history":[{"count":14,"href":"https:\/\/osteopathie-nice.fr\/index.php\/wp-json\/wp\/v2\/pages\/7\/revisions"}],"predecessor-version":[{"id":659,"href":"https:\/\/osteopathie-nice.fr\/index.php\/wp-json\/wp\/v2\/pages\/7\/revisions\/659"}],"wp:attachment":[{"href":"https:\/\/osteopathie-nice.fr\/index.php\/wp-json\/wp\/v2\/media?parent=7"}],"curies":[{"name":"wp","href":"https:\/\/api.w.org\/{rel}","templated":true}]}}