{"id":8,"date":"2020-09-07T16:22:46","date_gmt":"2020-09-07T14:22:46","guid":{"rendered":"http:\/\/osteopathie-nice.fr\/?page_id=8"},"modified":"2025-03-03T16:03:24","modified_gmt":"2025-03-03T15:03:24","slug":"infos-pratique-osteopathe-nice","status":"publish","type":"page","link":"https:\/\/osteopathie-nice.fr\/index.php\/infos-pratique-osteopathe-nice\/","title":{"rendered":"Pratique Horaires et Tarifs"},"content":{"rendered":"\n<p><\/p>\n\n\n\n<p><\/p>\n\n\n\n<h2 class=\"wp-block-heading\"><strong>Horaires d&rsquo;ouverture<\/strong><\/h2>\n\n\n\n<p>Les lundi et jeudi: 9h-20h<\/p>\n\n\n\n<p>mardi: 8h30 &#8211; 15h<\/p>\n\n\n\n<p>samedi: 8h30-13h<\/p>\n\n\n\n<p>&nbsp;<em>uniquement sur rendez-vous (<a href=\"http:\/\/www.doctolib.fr\/osteopathe\/nice\/blanche-maelle-florance\">DOCTOLIB<\/a> ou<a href=\"https:\/\/osteopathie-nice.fr\/index.php\/prendre-rdv\/\" data-type=\"page\" data-id=\"34\"> par t\u00e9l\u00e9phone\/SMS\/Mail<\/a>)<\/em><\/p>\n\n\n\n<h2 class=\"wp-block-heading\"><strong>Tarifs pour une s\u00e9ance en cabinet<\/strong><\/h2>\n\n\n\n<p>Adulte: <strong>70 euros<\/strong><\/p>\n\n\n\n<p>Enfants (moins de 18 ans) et Etudiants (moins de 25 ans): <strong>60 euros<\/strong><\/p>\n\n\n\n<p><strong>Moyens de paiement: <\/strong>esp\u00e8ces, ch\u00e8que, virement<\/p>\n\n\n\n<h2 class=\"wp-block-heading\"><strong>Tarifs pour une s\u00e9ance \u00e0 domicile<\/strong><\/h2>\n\n\n\n<p>Les s\u00e9ances \u00e0 domiciles sont r\u00e9serv\u00e9es pour les personnes ne pouvant se d\u00e9placer et dont le domicile est dans le quartier de la rue Berlioz. <\/p>\n\n\n\n<p>Tarif: 90 euros<\/p>\n\n\n\n<h2 class=\"wp-block-heading\"><strong>Remboursement<\/strong><\/h2>\n\n\n\n<p>Par un nombre croissant de mutuelle, contactez votre mutuelle<a href=\"http:\/\/www.osteopathie.org\/mutuelles.html\">.<\/a> Ou consulter <a href=\"https:\/\/osteopathie-nice.fr\/index.php\/mutuelles-remboursant-losteopathie\/\">la liste<\/a> des mutuelles remboursant l&rsquo;ost\u00e9opathie.<\/p>\n\n\n\n<h2 class=\"wp-block-heading\"><strong>Pour venir au cabinet<\/strong><\/h2>\n\n\n\n<iframe src=\"https:\/\/www.google.com\/maps\/embed?pb=!1m18!1m12!1m3!1d2884.5699052416408!2d7.256347177870168!3d43.69870417110015!2m3!1f0!2f0!3f0!3m2!1i1024!2i768!4f13.1!3m3!1m2!1s0x12cdd00c1be543b5%3A0x19b0fbb883a00031!2s3%20Rue%20Berlioz%2C%2006000%20Nice!5e0!3m2!1sen!2sfr!4v1696344755974!5m2!1sen!2sfr\" width=\"600\" height=\"450\" style=\"border:0;\" allowfullscreen=\"\" loading=\"lazy\" referrerpolicy=\"no-referrer-when-downgrade\"><\/iframe>\n\n\n\n<p><strong>TRAMWAY:<\/strong><\/p>\n\n\n\n<p>Ligne <strong>T2<\/strong> Arr\u00eat Alsace-Lorraine (200 m du cabinet)<\/p>\n\n\n\n<p>Ligne <strong>T1<\/strong> Arr\u00eat Jean-Medecin (10 min \u00e0 pied)<\/p>\n\n\n\n<p><strong>BUS:<\/strong><\/p>\n\n\n\n<p><strong>38<\/strong> (Guiglia),<strong> 8+  11<\/strong>  <strong>38<\/strong> et <strong>99 <\/strong>(Alsace-Lorraine)<\/p>\n\n\n\n<p><strong>TRAIN:<\/strong><\/p>\n\n\n\n<p>Arr\u00eat gare de <strong>Nice Ville<\/strong> puis marcher 700 m. La rue Berlioz arrive perpendiculairement au 16 av Thiers o\u00f9 se trouve la gare.<\/p>\n\n\n\n<p><strong>VOITURE:<\/strong><\/p>\n\n\n\n<p>A8 sortie 50<\/p>\n\n\n\n<p>Mathis\/Voie Rapide: sortie en direction de Centre Ville par Saint Philippe et continuer tout droit sur Rue Fr\u00e9d\u00e9ric Passy (400m) puis continuer sur Rue Verdi (250&nbsp;m) et prendre \u00e0 droite sur Rue Berlioz (100m) et vous \u00eates arriv\u00e9.<\/p>\n\n\n\n<p><br><strong>PARKING:<\/strong> Dans la rue il y a souvent de la place rue Berlioz, rue Guiglia ou autour du jardin Alsace-Lorraine. Le stationnement est payant. &nbsp; Il y a des parking publics \u00e0 environ 300m autour du cabinet:&nbsp; Palmeira, Mozart et Rivoli.<\/p>\n","protected":false},"excerpt":{"rendered":"<p>Horaires d&rsquo;ouverture Les lundi et jeudi: 9h-20h mardi: 8h30 &#8211; 15h samedi: 8h30-13h &nbsp;uniquement sur rendez-vous (DOCTOLIB ou par t\u00e9l\u00e9phone\/SMS\/Mail) Tarifs pour une s\u00e9ance en cabinet Adulte: 70 euros Enfants &hellip; <\/p>\n","protected":false},"author":1,"featured_media":0,"parent":0,"menu_order":0,"comment_status":"closed","ping_status":"closed","template":"","meta":{"_yoast_wpseo_focuskw":"infos pratique ost\u00e9opathe 3 rue Berlioz Nice","_yoast_wpseo_title":"Horaires Tarifs infos pratique ost\u00e9opathe Nice 3 rue Berlioz Florance","_yoast_wpseo_metadesc":"infos pratique ost\u00e9opathe Nice Blanche-Ma\u00eblle FLORANCE 3 rue Berlioz horaires tarifs coordonn\u00e9es prise de rendez-vous","footnotes":""},"class_list":["post-8","page","type-page","status-publish","hentry"],"yoast_head":"<!-- This site is optimized with the Yoast SEO plugin v27.5 - https:\/\/yoast.com\/product\/yoast-seo-wordpress\/ -->\n<title>Horaires Tarifs infos pratique ost\u00e9opathe Nice 3 rue Berlioz Florance<\/title>\n<meta name=\"description\" content=\"infos pratique ost\u00e9opathe Nice Blanche-Ma\u00eblle FLORANCE 3 rue Berlioz horaires tarifs coordonn\u00e9es prise de rendez-vous\" \/>\n<meta name=\"robots\" content=\"index, follow, max-snippet:-1, max-image-preview:large, max-video-preview:-1\" \/>\n<link rel=\"canonical\" href=\"https:\/\/osteopathie-nice.fr\/index.php\/infos-pratique-osteopathe-nice\/\" \/>\n<meta property=\"og:locale\" content=\"fr_FR\" \/>\n<meta property=\"og:type\" content=\"article\" \/>\n<meta property=\"og:title\" content=\"Horaires Tarifs infos pratique ost\u00e9opathe Nice 3 rue Berlioz Florance\" \/>\n<meta property=\"og:description\" content=\"infos pratique ost\u00e9opathe Nice Blanche-Ma\u00eblle FLORANCE 3 rue Berlioz horaires tarifs coordonn\u00e9es prise de rendez-vous\" \/>\n<meta property=\"og:url\" content=\"https:\/\/osteopathie-nice.fr\/index.php\/infos-pratique-osteopathe-nice\/\" \/>\n<meta property=\"og:site_name\" content=\"Ost\u00e9opathe Nice Centre - Blanche-Ma\u00eblleFlorance\" \/>\n<meta property=\"article:publisher\" content=\"https:\/\/www.facebook.com\/osteopathenice\" \/>\n<meta property=\"article:modified_time\" content=\"2025-03-03T15:03:24+00:00\" \/>\n<meta name=\"twitter:card\" content=\"summary_large_image\" \/>\n<meta name=\"twitter:site\" content=\"@osteonice\" \/>\n<meta name=\"twitter:label1\" content=\"Dur\u00e9e de lecture estim\u00e9e\" \/>\n\t<meta name=\"twitter:data1\" content=\"2 minutes\" \/>\n<script type=\"application\/ld+json\" class=\"yoast-schema-graph\">{\"@context\":\"https:\\\/\\\/schema.org\",\"@graph\":[{\"@type\":\"WebPage\",\"@id\":\"https:\\\/\\\/osteopathie-nice.fr\\\/index.php\\\/infos-pratique-osteopathe-nice\\\/\",\"url\":\"https:\\\/\\\/osteopathie-nice.fr\\\/index.php\\\/infos-pratique-osteopathe-nice\\\/\",\"name\":\"Horaires Tarifs infos pratique ost\u00e9opathe Nice 3 rue Berlioz Florance\",\"isPartOf\":{\"@id\":\"https:\\\/\\\/osteopathie-nice.fr\\\/#website\"},\"datePublished\":\"2020-09-07T14:22:46+00:00\",\"dateModified\":\"2025-03-03T15:03:24+00:00\",\"description\":\"infos pratique ost\u00e9opathe Nice Blanche-Ma\u00eblle FLORANCE 3 rue Berlioz horaires tarifs coordonn\u00e9es prise de rendez-vous\",\"breadcrumb\":{\"@id\":\"https:\\\/\\\/osteopathie-nice.fr\\\/index.php\\\/infos-pratique-osteopathe-nice\\\/#breadcrumb\"},\"inLanguage\":\"fr-FR\",\"potentialAction\":[{\"@type\":\"ReadAction\",\"target\":[\"https:\\\/\\\/osteopathie-nice.fr\\\/index.php\\\/infos-pratique-osteopathe-nice\\\/\"]}]},{\"@type\":\"BreadcrumbList\",\"@id\":\"https:\\\/\\\/osteopathie-nice.fr\\\/index.php\\\/infos-pratique-osteopathe-nice\\\/#breadcrumb\",\"itemListElement\":[{\"@type\":\"ListItem\",\"position\":1,\"name\":\"Accueil\",\"item\":\"https:\\\/\\\/osteopathie-nice.fr\\\/\"},{\"@type\":\"ListItem\",\"position\":2,\"name\":\"Pratique Horaires et Tarifs\"}]},{\"@type\":\"WebSite\",\"@id\":\"https:\\\/\\\/osteopathie-nice.fr\\\/#website\",\"url\":\"https:\\\/\\\/osteopathie-nice.fr\\\/\",\"name\":\"BM Florance Ost\u00e9opathe Nice\",\"description\":\"Ost\u00e9opathie douce cr\u00e2nienne visc\u00e9rale et articulaire.\",\"potentialAction\":[{\"@type\":\"SearchAction\",\"target\":{\"@type\":\"EntryPoint\",\"urlTemplate\":\"https:\\\/\\\/osteopathie-nice.fr\\\/?s={search_term_string}\"},\"query-input\":{\"@type\":\"PropertyValueSpecification\",\"valueRequired\":true,\"valueName\":\"search_term_string\"}}],\"inLanguage\":\"fr-FR\"}]}<\/script>\n<!-- \/ Yoast SEO plugin. -->","yoast_head_json":{"title":"Horaires Tarifs infos pratique ost\u00e9opathe Nice 3 rue Berlioz Florance","description":"infos pratique ost\u00e9opathe Nice Blanche-Ma\u00eblle FLORANCE 3 rue Berlioz horaires tarifs coordonn\u00e9es prise de rendez-vous","robots":{"index":"index","follow":"follow","max-snippet":"max-snippet:-1","max-image-preview":"max-image-preview:large","max-video-preview":"max-video-preview:-1"},"canonical":"https:\/\/osteopathie-nice.fr\/index.php\/infos-pratique-osteopathe-nice\/","og_locale":"fr_FR","og_type":"article","og_title":"Horaires Tarifs infos pratique ost\u00e9opathe Nice 3 rue Berlioz Florance","og_description":"infos pratique ost\u00e9opathe Nice Blanche-Ma\u00eblle FLORANCE 3 rue Berlioz horaires tarifs coordonn\u00e9es prise de rendez-vous","og_url":"https:\/\/osteopathie-nice.fr\/index.php\/infos-pratique-osteopathe-nice\/","og_site_name":"Ost\u00e9opathe Nice Centre - Blanche-Ma\u00eblleFlorance","article_publisher":"https:\/\/www.facebook.com\/osteopathenice","article_modified_time":"2025-03-03T15:03:24+00:00","twitter_card":"summary_large_image","twitter_site":"@osteonice","twitter_misc":{"Dur\u00e9e de lecture estim\u00e9e":"2 minutes"},"schema":{"@context":"https:\/\/schema.org","@graph":[{"@type":"WebPage","@id":"https:\/\/osteopathie-nice.fr\/index.php\/infos-pratique-osteopathe-nice\/","url":"https:\/\/osteopathie-nice.fr\/index.php\/infos-pratique-osteopathe-nice\/","name":"Horaires Tarifs infos pratique ost\u00e9opathe Nice 3 rue Berlioz Florance","isPartOf":{"@id":"https:\/\/osteopathie-nice.fr\/#website"},"datePublished":"2020-09-07T14:22:46+00:00","dateModified":"2025-03-03T15:03:24+00:00","description":"infos pratique ost\u00e9opathe Nice Blanche-Ma\u00eblle FLORANCE 3 rue Berlioz horaires tarifs coordonn\u00e9es prise de rendez-vous","breadcrumb":{"@id":"https:\/\/osteopathie-nice.fr\/index.php\/infos-pratique-osteopathe-nice\/#breadcrumb"},"inLanguage":"fr-FR","potentialAction":[{"@type":"ReadAction","target":["https:\/\/osteopathie-nice.fr\/index.php\/infos-pratique-osteopathe-nice\/"]}]},{"@type":"BreadcrumbList","@id":"https:\/\/osteopathie-nice.fr\/index.php\/infos-pratique-osteopathe-nice\/#breadcrumb","itemListElement":[{"@type":"ListItem","position":1,"name":"Accueil","item":"https:\/\/osteopathie-nice.fr\/"},{"@type":"ListItem","position":2,"name":"Pratique Horaires et Tarifs"}]},{"@type":"WebSite","@id":"https:\/\/osteopathie-nice.fr\/#website","url":"https:\/\/osteopathie-nice.fr\/","name":"BM Florance Ost\u00e9opathe Nice","description":"Ost\u00e9opathie douce cr\u00e2nienne visc\u00e9rale et articulaire.","potentialAction":[{"@type":"SearchAction","target":{"@type":"EntryPoint","urlTemplate":"https:\/\/osteopathie-nice.fr\/?s={search_term_string}"},"query-input":{"@type":"PropertyValueSpecification","valueRequired":true,"valueName":"search_term_string"}}],"inLanguage":"fr-FR"}]}},"_links":{"self":[{"href":"https:\/\/osteopathie-nice.fr\/index.php\/wp-json\/wp\/v2\/pages\/8","targetHints":{"allow":["GET"]}}],"collection":[{"href":"https:\/\/osteopathie-nice.fr\/index.php\/wp-json\/wp\/v2\/pages"}],"about":[{"href":"https:\/\/osteopathie-nice.fr\/index.php\/wp-json\/wp\/v2\/types\/page"}],"author":[{"embeddable":true,"href":"https:\/\/osteopathie-nice.fr\/index.php\/wp-json\/wp\/v2\/users\/1"}],"replies":[{"embeddable":true,"href":"https:\/\/osteopathie-nice.fr\/index.php\/wp-json\/wp\/v2\/comments?post=8"}],"version-history":[{"count":18,"href":"https:\/\/osteopathie-nice.fr\/index.php\/wp-json\/wp\/v2\/pages\/8\/revisions"}],"predecessor-version":[{"id":615,"href":"https:\/\/osteopathie-nice.fr\/index.php\/wp-json\/wp\/v2\/pages\/8\/revisions\/615"}],"wp:attachment":[{"href":"https:\/\/osteopathie-nice.fr\/index.php\/wp-json\/wp\/v2\/media?parent=8"}],"curies":[{"name":"wp","href":"https:\/\/api.w.org\/{rel}","templated":true}]}}