{"id":80,"date":"2020-09-21T16:12:41","date_gmt":"2020-09-21T14:12:41","guid":{"rendered":"http:\/\/osteopathie-nice.fr\/?page_id=80"},"modified":"2023-10-23T10:00:25","modified_gmt":"2023-10-23T08:00:25","slug":"le-cabinet","status":"publish","type":"page","link":"https:\/\/osteopathie-nice.fr\/index.php\/le-cabinet\/","title":{"rendered":"Le Cabinet"},"content":{"rendered":"\n<h2 class=\"wp-block-heading has-text-align-center\"><mark style=\"background-color:rgba(0, 0, 0, 0)\" class=\"has-inline-color has-secondary-color\">3 rue Berlioz, 06000 Nice<\/mark><\/h2>\n\n\n\n<p>Le Cabinet d&rsquo;ost\u00e9opathie est situ\u00e9 en plein centre de Nice, dans le quartier des musicien, au calme. Il a \u00e9t\u00e9 r\u00e9nov\u00e9 et est enti\u00e8rement accessible PMR. Le cabinet se situe au rez-de-chauss\u00e9e. <\/p>\n\n\n\n<p>Nous sommes trois professionnels \u00e0 y exercer sur deux salles:<\/p>\n\n\n\n<p>Une ost\u00e9opathe: Blanche-Ma\u00eblle FLORANCE : <a href=\"https:\/\/osteopathie-nice.fr\">https:\/\/osteopathie-nice.fr<\/a><\/p>\n\n\n\n<p>Une kin\u00e9siologue: B\u00e9atrice BAUDOUIN : <a href=\"http:\/\/teme-kinesiologie.fr\/\" target=\"_blank\" rel=\"noreferrer noopener\">http:\/\/teme-kinesiologie.fr\/<\/a><\/p>\n\n\n\n<p>Une massoth\u00e9rapeute Vishnu : <a href=\"https:\/\/vishnu-nice.com\/\" target=\"_blank\" rel=\"noreferrer noopener\">https:\/\/vishnu-nice.com\/<\/a><\/p>\n\n\n\n<p>Une psychosomaticienne Aude Van Den Brule: <a href=\"https:\/\/audevandenbrule.fr\/\">https:\/\/audevandenbrule.fr\/<\/a><\/p>\n\n\n\n<h3 class=\"wp-block-heading\">Carte<\/h3>\n\n\n\n<iframe src=\"https:\/\/www.google.com\/maps\/embed?pb=!1m18!1m12!1m3!1d2884.569718657313!2d7.256347177704501!3d43.6987080494841!2m3!1f0!2f0!3f0!3m2!1i1024!2i768!4f13.1!3m3!1m2!1s0x12cdd010f916dd5b%3A0x2b94c0341b299918!2sOst%C3%A9opathe%20Nice%20Florance%20Blanche-Ma%C3%ABlle!5e0!3m2!1sen!2sfr!4v1696857144281!5m2!1sen!2sfr\" width=\"100%\" height=\"450\" style=\"border:0;\" allowfullscreen=\"\" loading=\"lazy\" referrerpolicy=\"no-referrer-when-downgrade\"><\/iframe>\n\n\n\n<h3 class=\"wp-block-heading\">Galerie<\/h3>\n\n\n\n<figure class=\"wp-block-gallery aligncenter has-nested-images columns-default is-cropped wp-block-gallery-1 is-layout-flex wp-block-gallery-is-layout-flex\">\n<figure class=\"wp-block-image size-large\"><img loading=\"lazy\" decoding=\"async\" width=\"1024\" height=\"1024\" data-id=\"81\" src=\"https:\/\/osteopathie-nice.fr\/wp-content\/uploads\/2020\/09\/20180927_170144-1024x1024.jpg\" alt=\"\" class=\"wp-image-81\" srcset=\"https:\/\/osteopathie-nice.fr\/wp-content\/uploads\/2020\/09\/20180927_170144-1024x1024.jpg 1024w, https:\/\/osteopathie-nice.fr\/wp-content\/uploads\/2020\/09\/20180927_170144-300x300.jpg 300w, https:\/\/osteopathie-nice.fr\/wp-content\/uploads\/2020\/09\/20180927_170144-150x150.jpg 150w, https:\/\/osteopathie-nice.fr\/wp-content\/uploads\/2020\/09\/20180927_170144-768x768.jpg 768w, https:\/\/osteopathie-nice.fr\/wp-content\/uploads\/2020\/09\/20180927_170144.jpg 1105w\" sizes=\"auto, (max-width: 1024px) 100vw, 1024px\" \/><\/figure>\n\n\n\n<figure class=\"wp-block-image size-large\"><img loading=\"lazy\" decoding=\"async\" width=\"1024\" height=\"683\" data-id=\"82\" src=\"https:\/\/osteopathie-nice.fr\/wp-content\/uploads\/2020\/09\/HU3A8885-1024x683.jpg\" alt=\"\" class=\"wp-image-82\" srcset=\"https:\/\/osteopathie-nice.fr\/wp-content\/uploads\/2020\/09\/HU3A8885-1024x683.jpg 1024w, https:\/\/osteopathie-nice.fr\/wp-content\/uploads\/2020\/09\/HU3A8885-300x200.jpg 300w, https:\/\/osteopathie-nice.fr\/wp-content\/uploads\/2020\/09\/HU3A8885-768x512.jpg 768w, https:\/\/osteopathie-nice.fr\/wp-content\/uploads\/2020\/09\/HU3A8885-1536x1024.jpg 1536w, https:\/\/osteopathie-nice.fr\/wp-content\/uploads\/2020\/09\/HU3A8885-1200x800.jpg 1200w, https:\/\/osteopathie-nice.fr\/wp-content\/uploads\/2020\/09\/HU3A8885.jpg 1800w\" sizes=\"auto, (max-width: 1024px) 100vw, 1024px\" \/><\/figure>\n\n\n\n<figure class=\"wp-block-image size-large\"><img loading=\"lazy\" decoding=\"async\" width=\"1024\" height=\"683\" data-id=\"83\" src=\"https:\/\/osteopathie-nice.fr\/wp-content\/uploads\/2020\/09\/HU3A8888-1024x683.jpg\" alt=\"\" class=\"wp-image-83\" srcset=\"https:\/\/osteopathie-nice.fr\/wp-content\/uploads\/2020\/09\/HU3A8888-1024x683.jpg 1024w, https:\/\/osteopathie-nice.fr\/wp-content\/uploads\/2020\/09\/HU3A8888-300x200.jpg 300w, https:\/\/osteopathie-nice.fr\/wp-content\/uploads\/2020\/09\/HU3A8888-768x512.jpg 768w, https:\/\/osteopathie-nice.fr\/wp-content\/uploads\/2020\/09\/HU3A8888-1536x1024.jpg 1536w, https:\/\/osteopathie-nice.fr\/wp-content\/uploads\/2020\/09\/HU3A8888-1200x800.jpg 1200w, https:\/\/osteopathie-nice.fr\/wp-content\/uploads\/2020\/09\/HU3A8888.jpg 1800w\" sizes=\"auto, (max-width: 1024px) 100vw, 1024px\" \/><\/figure>\n\n\n\n<figure class=\"wp-block-image size-large\"><img loading=\"lazy\" decoding=\"async\" width=\"1024\" height=\"683\" data-id=\"84\" src=\"https:\/\/osteopathie-nice.fr\/wp-content\/uploads\/2020\/09\/HU3A8889-1024x683.jpg\" alt=\"\" class=\"wp-image-84\" srcset=\"https:\/\/osteopathie-nice.fr\/wp-content\/uploads\/2020\/09\/HU3A8889-1024x683.jpg 1024w, https:\/\/osteopathie-nice.fr\/wp-content\/uploads\/2020\/09\/HU3A8889-300x200.jpg 300w, https:\/\/osteopathie-nice.fr\/wp-content\/uploads\/2020\/09\/HU3A8889-768x512.jpg 768w, https:\/\/osteopathie-nice.fr\/wp-content\/uploads\/2020\/09\/HU3A8889-1536x1024.jpg 1536w, https:\/\/osteopathie-nice.fr\/wp-content\/uploads\/2020\/09\/HU3A8889-1200x800.jpg 1200w, https:\/\/osteopathie-nice.fr\/wp-content\/uploads\/2020\/09\/HU3A8889.jpg 1800w\" sizes=\"auto, (max-width: 1024px) 100vw, 1024px\" \/><\/figure>\n\n\n\n<figure class=\"wp-block-image size-large\"><img loading=\"lazy\" decoding=\"async\" width=\"1024\" height=\"683\" data-id=\"85\" src=\"https:\/\/osteopathie-nice.fr\/wp-content\/uploads\/2020\/09\/HU3A8890-1024x683.jpg\" alt=\"\" class=\"wp-image-85\" srcset=\"https:\/\/osteopathie-nice.fr\/wp-content\/uploads\/2020\/09\/HU3A8890-1024x683.jpg 1024w, https:\/\/osteopathie-nice.fr\/wp-content\/uploads\/2020\/09\/HU3A8890-300x200.jpg 300w, https:\/\/osteopathie-nice.fr\/wp-content\/uploads\/2020\/09\/HU3A8890-768x512.jpg 768w, https:\/\/osteopathie-nice.fr\/wp-content\/uploads\/2020\/09\/HU3A8890-1536x1024.jpg 1536w, https:\/\/osteopathie-nice.fr\/wp-content\/uploads\/2020\/09\/HU3A8890-1200x800.jpg 1200w, https:\/\/osteopathie-nice.fr\/wp-content\/uploads\/2020\/09\/HU3A8890.jpg 1800w\" sizes=\"auto, (max-width: 1024px) 100vw, 1024px\" \/><\/figure>\n\n\n\n<figure class=\"wp-block-image size-large\"><img loading=\"lazy\" decoding=\"async\" width=\"683\" height=\"1024\" data-id=\"87\" src=\"https:\/\/osteopathie-nice.fr\/wp-content\/uploads\/2020\/09\/HU3A8896-683x1024.jpg\" alt=\"\" class=\"wp-image-87\" srcset=\"https:\/\/osteopathie-nice.fr\/wp-content\/uploads\/2020\/09\/HU3A8896-683x1024.jpg 683w, https:\/\/osteopathie-nice.fr\/wp-content\/uploads\/2020\/09\/HU3A8896-200x300.jpg 200w, https:\/\/osteopathie-nice.fr\/wp-content\/uploads\/2020\/09\/HU3A8896-768x1152.jpg 768w, https:\/\/osteopathie-nice.fr\/wp-content\/uploads\/2020\/09\/HU3A8896.jpg 800w\" sizes=\"auto, (max-width: 683px) 100vw, 683px\" \/><\/figure>\n\n\n\n<figure class=\"wp-block-image size-large\"><img loading=\"lazy\" decoding=\"async\" width=\"1024\" height=\"683\" data-id=\"86\" src=\"https:\/\/osteopathie-nice.fr\/wp-content\/uploads\/2020\/09\/HU3A8891-1024x683.jpg\" alt=\"\" class=\"wp-image-86\" srcset=\"https:\/\/osteopathie-nice.fr\/wp-content\/uploads\/2020\/09\/HU3A8891-1024x683.jpg 1024w, https:\/\/osteopathie-nice.fr\/wp-content\/uploads\/2020\/09\/HU3A8891-300x200.jpg 300w, https:\/\/osteopathie-nice.fr\/wp-content\/uploads\/2020\/09\/HU3A8891-768x512.jpg 768w, https:\/\/osteopathie-nice.fr\/wp-content\/uploads\/2020\/09\/HU3A8891-1536x1024.jpg 1536w, https:\/\/osteopathie-nice.fr\/wp-content\/uploads\/2020\/09\/HU3A8891-1200x800.jpg 1200w, https:\/\/osteopathie-nice.fr\/wp-content\/uploads\/2020\/09\/HU3A8891.jpg 1800w\" sizes=\"auto, (max-width: 1024px) 100vw, 1024px\" \/><\/figure>\n<\/figure>\n\n\n\n<h3 class=\"wp-block-heading\">Votre avis compte !<\/h3>\n\n\n\n<p>Retrouvez votre ost\u00e9opathe sur <a href=\"http:\/\/Osteopathes.NosAvis.com\">osteopathes-nosavis.com<\/a><\/p>\n\n\n\n<div class=\"wp-block-group\"><div class=\"wp-block-group__inner-container is-layout-constrained wp-block-group-is-layout-constrained\">\n<a href=\"http:\/\/www.annuaire-web-france.com\/vote-annuaire-web-france.php?id_site_vote=96002\" target=\"_blank\" rel=\"noopener noreferrer\"><img loading=\"lazy\" decoding=\"async\" src=\"http:\/\/www.annuaire-web-france.com\/images\/logo-annuaire-web-france.gif\" alt=\"Annuaire Web France\" width=\"120\" height=\"35\" border=\"0\"><\/a><noscript><a href=\"http:\/\/www.annuaire-web-france.com\/annuaire-sante-medecine.php\">Annuaire Sant\u00e9 \/ M\u00e9decine<\/a> <a href=\"http:\/\/www.annuaire-web-france.com\">Annuaire Web<\/a><\/noscript>\n\n\n\n<p>Vous pouvez aussi nous retrouver sur les informations du web, un site de r\u00e9f\u00e9rencement de qualit\u00e9 des sites internet: <a href=\"https:\/\/www.informations-web.com\">Informations du Web<\/a><\/p>\n<\/div><\/div>\n","protected":false},"excerpt":{"rendered":"<p>3 rue Berlioz, 06000 Nice Le Cabinet d&rsquo;ost\u00e9opathie est situ\u00e9 en plein centre de Nice, dans le quartier des musicien, au calme. Il a \u00e9t\u00e9 r\u00e9nov\u00e9 et est enti\u00e8rement accessible &hellip; <\/p>\n","protected":false},"author":2,"featured_media":0,"parent":0,"menu_order":0,"comment_status":"closed","ping_status":"closed","template":"","meta":{"_yoast_wpseo_focuskw":"","_yoast_wpseo_title":"","_yoast_wpseo_metadesc":"","footnotes":""},"class_list":["post-80","page","type-page","status-publish","hentry"],"yoast_head":"<!-- This site is optimized with the Yoast SEO plugin v27.4 - https:\/\/yoast.com\/product\/yoast-seo-wordpress\/ -->\n<title>Le Cabinet - Ost\u00e9opathe Nice Centre - Blanche-Ma\u00eblleFlorance<\/title>\n<meta name=\"robots\" content=\"index, follow, max-snippet:-1, max-image-preview:large, max-video-preview:-1\" \/>\n<link rel=\"canonical\" href=\"https:\/\/osteopathie-nice.fr\/index.php\/le-cabinet\/\" \/>\n<meta property=\"og:locale\" content=\"fr_FR\" \/>\n<meta property=\"og:type\" content=\"article\" \/>\n<meta property=\"og:title\" content=\"Le Cabinet - Ost\u00e9opathe Nice Centre - Blanche-Ma\u00eblleFlorance\" \/>\n<meta property=\"og:description\" content=\"3 rue Berlioz, 06000 Nice Le Cabinet d&rsquo;ost\u00e9opathie est situ\u00e9 en plein centre de Nice, dans le quartier des musicien, au calme. Il a \u00e9t\u00e9 r\u00e9nov\u00e9 et est enti\u00e8rement accessible &hellip;\" \/>\n<meta property=\"og:url\" content=\"https:\/\/osteopathie-nice.fr\/index.php\/le-cabinet\/\" \/>\n<meta property=\"og:site_name\" content=\"Ost\u00e9opathe Nice Centre - Blanche-Ma\u00eblleFlorance\" \/>\n<meta property=\"article:publisher\" content=\"https:\/\/www.facebook.com\/osteopathenice\" \/>\n<meta property=\"article:modified_time\" content=\"2023-10-23T08:00:25+00:00\" \/>\n<meta property=\"og:image\" content=\"https:\/\/osteopathie-nice.fr\/wp-content\/uploads\/2020\/09\/20180927_170144-1024x1024.jpg\" \/>\n<meta name=\"twitter:card\" content=\"summary_large_image\" \/>\n<meta name=\"twitter:site\" content=\"@osteonice\" \/>\n<meta name=\"twitter:label1\" content=\"Dur\u00e9e de lecture estim\u00e9e\" \/>\n\t<meta name=\"twitter:data1\" content=\"3 minutes\" \/>\n<script type=\"application\/ld+json\" class=\"yoast-schema-graph\">{\"@context\":\"https:\\\/\\\/schema.org\",\"@graph\":[{\"@type\":\"WebPage\",\"@id\":\"https:\\\/\\\/osteopathie-nice.fr\\\/index.php\\\/le-cabinet\\\/\",\"url\":\"https:\\\/\\\/osteopathie-nice.fr\\\/index.php\\\/le-cabinet\\\/\",\"name\":\"Le Cabinet - Ost\u00e9opathe Nice Centre - Blanche-Ma\u00eblleFlorance\",\"isPartOf\":{\"@id\":\"https:\\\/\\\/osteopathie-nice.fr\\\/#website\"},\"primaryImageOfPage\":{\"@id\":\"https:\\\/\\\/osteopathie-nice.fr\\\/index.php\\\/le-cabinet\\\/#primaryimage\"},\"image\":{\"@id\":\"https:\\\/\\\/osteopathie-nice.fr\\\/index.php\\\/le-cabinet\\\/#primaryimage\"},\"thumbnailUrl\":\"https:\\\/\\\/osteopathie-nice.fr\\\/wp-content\\\/uploads\\\/2020\\\/09\\\/20180927_170144-1024x1024.jpg\",\"datePublished\":\"2020-09-21T14:12:41+00:00\",\"dateModified\":\"2023-10-23T08:00:25+00:00\",\"breadcrumb\":{\"@id\":\"https:\\\/\\\/osteopathie-nice.fr\\\/index.php\\\/le-cabinet\\\/#breadcrumb\"},\"inLanguage\":\"fr-FR\",\"potentialAction\":[{\"@type\":\"ReadAction\",\"target\":[\"https:\\\/\\\/osteopathie-nice.fr\\\/index.php\\\/le-cabinet\\\/\"]}]},{\"@type\":\"ImageObject\",\"inLanguage\":\"fr-FR\",\"@id\":\"https:\\\/\\\/osteopathie-nice.fr\\\/index.php\\\/le-cabinet\\\/#primaryimage\",\"url\":\"https:\\\/\\\/osteopathie-nice.fr\\\/wp-content\\\/uploads\\\/2020\\\/09\\\/20180927_170144.jpg\",\"contentUrl\":\"https:\\\/\\\/osteopathie-nice.fr\\\/wp-content\\\/uploads\\\/2020\\\/09\\\/20180927_170144.jpg\",\"width\":1105,\"height\":1105},{\"@type\":\"BreadcrumbList\",\"@id\":\"https:\\\/\\\/osteopathie-nice.fr\\\/index.php\\\/le-cabinet\\\/#breadcrumb\",\"itemListElement\":[{\"@type\":\"ListItem\",\"position\":1,\"name\":\"Accueil\",\"item\":\"https:\\\/\\\/osteopathie-nice.fr\\\/\"},{\"@type\":\"ListItem\",\"position\":2,\"name\":\"Le Cabinet\"}]},{\"@type\":\"WebSite\",\"@id\":\"https:\\\/\\\/osteopathie-nice.fr\\\/#website\",\"url\":\"https:\\\/\\\/osteopathie-nice.fr\\\/\",\"name\":\"BM Florance Ost\u00e9opathe Nice\",\"description\":\"Ost\u00e9opathie douce cr\u00e2nienne visc\u00e9rale et articulaire.\",\"potentialAction\":[{\"@type\":\"SearchAction\",\"target\":{\"@type\":\"EntryPoint\",\"urlTemplate\":\"https:\\\/\\\/osteopathie-nice.fr\\\/?s={search_term_string}\"},\"query-input\":{\"@type\":\"PropertyValueSpecification\",\"valueRequired\":true,\"valueName\":\"search_term_string\"}}],\"inLanguage\":\"fr-FR\"}]}<\/script>\n<!-- \/ Yoast SEO plugin. -->","yoast_head_json":{"title":"Le Cabinet - Ost\u00e9opathe Nice Centre - Blanche-Ma\u00eblleFlorance","robots":{"index":"index","follow":"follow","max-snippet":"max-snippet:-1","max-image-preview":"max-image-preview:large","max-video-preview":"max-video-preview:-1"},"canonical":"https:\/\/osteopathie-nice.fr\/index.php\/le-cabinet\/","og_locale":"fr_FR","og_type":"article","og_title":"Le Cabinet - Ost\u00e9opathe Nice Centre - Blanche-Ma\u00eblleFlorance","og_description":"3 rue Berlioz, 06000 Nice Le Cabinet d&rsquo;ost\u00e9opathie est situ\u00e9 en plein centre de Nice, dans le quartier des musicien, au calme. Il a \u00e9t\u00e9 r\u00e9nov\u00e9 et est enti\u00e8rement accessible &hellip;","og_url":"https:\/\/osteopathie-nice.fr\/index.php\/le-cabinet\/","og_site_name":"Ost\u00e9opathe Nice Centre - Blanche-Ma\u00eblleFlorance","article_publisher":"https:\/\/www.facebook.com\/osteopathenice","article_modified_time":"2023-10-23T08:00:25+00:00","og_image":[{"url":"https:\/\/osteopathie-nice.fr\/wp-content\/uploads\/2020\/09\/20180927_170144-1024x1024.jpg","type":"","width":"","height":""}],"twitter_card":"summary_large_image","twitter_site":"@osteonice","twitter_misc":{"Dur\u00e9e de lecture estim\u00e9e":"3 minutes"},"schema":{"@context":"https:\/\/schema.org","@graph":[{"@type":"WebPage","@id":"https:\/\/osteopathie-nice.fr\/index.php\/le-cabinet\/","url":"https:\/\/osteopathie-nice.fr\/index.php\/le-cabinet\/","name":"Le Cabinet - Ost\u00e9opathe Nice Centre - Blanche-Ma\u00eblleFlorance","isPartOf":{"@id":"https:\/\/osteopathie-nice.fr\/#website"},"primaryImageOfPage":{"@id":"https:\/\/osteopathie-nice.fr\/index.php\/le-cabinet\/#primaryimage"},"image":{"@id":"https:\/\/osteopathie-nice.fr\/index.php\/le-cabinet\/#primaryimage"},"thumbnailUrl":"https:\/\/osteopathie-nice.fr\/wp-content\/uploads\/2020\/09\/20180927_170144-1024x1024.jpg","datePublished":"2020-09-21T14:12:41+00:00","dateModified":"2023-10-23T08:00:25+00:00","breadcrumb":{"@id":"https:\/\/osteopathie-nice.fr\/index.php\/le-cabinet\/#breadcrumb"},"inLanguage":"fr-FR","potentialAction":[{"@type":"ReadAction","target":["https:\/\/osteopathie-nice.fr\/index.php\/le-cabinet\/"]}]},{"@type":"ImageObject","inLanguage":"fr-FR","@id":"https:\/\/osteopathie-nice.fr\/index.php\/le-cabinet\/#primaryimage","url":"https:\/\/osteopathie-nice.fr\/wp-content\/uploads\/2020\/09\/20180927_170144.jpg","contentUrl":"https:\/\/osteopathie-nice.fr\/wp-content\/uploads\/2020\/09\/20180927_170144.jpg","width":1105,"height":1105},{"@type":"BreadcrumbList","@id":"https:\/\/osteopathie-nice.fr\/index.php\/le-cabinet\/#breadcrumb","itemListElement":[{"@type":"ListItem","position":1,"name":"Accueil","item":"https:\/\/osteopathie-nice.fr\/"},{"@type":"ListItem","position":2,"name":"Le Cabinet"}]},{"@type":"WebSite","@id":"https:\/\/osteopathie-nice.fr\/#website","url":"https:\/\/osteopathie-nice.fr\/","name":"BM Florance Ost\u00e9opathe Nice","description":"Ost\u00e9opathie douce cr\u00e2nienne visc\u00e9rale et articulaire.","potentialAction":[{"@type":"SearchAction","target":{"@type":"EntryPoint","urlTemplate":"https:\/\/osteopathie-nice.fr\/?s={search_term_string}"},"query-input":{"@type":"PropertyValueSpecification","valueRequired":true,"valueName":"search_term_string"}}],"inLanguage":"fr-FR"}]}},"_links":{"self":[{"href":"https:\/\/osteopathie-nice.fr\/index.php\/wp-json\/wp\/v2\/pages\/80","targetHints":{"allow":["GET"]}}],"collection":[{"href":"https:\/\/osteopathie-nice.fr\/index.php\/wp-json\/wp\/v2\/pages"}],"about":[{"href":"https:\/\/osteopathie-nice.fr\/index.php\/wp-json\/wp\/v2\/types\/page"}],"author":[{"embeddable":true,"href":"https:\/\/osteopathie-nice.fr\/index.php\/wp-json\/wp\/v2\/users\/2"}],"replies":[{"embeddable":true,"href":"https:\/\/osteopathie-nice.fr\/index.php\/wp-json\/wp\/v2\/comments?post=80"}],"version-history":[{"count":18,"href":"https:\/\/osteopathie-nice.fr\/index.php\/wp-json\/wp\/v2\/pages\/80\/revisions"}],"predecessor-version":[{"id":578,"href":"https:\/\/osteopathie-nice.fr\/index.php\/wp-json\/wp\/v2\/pages\/80\/revisions\/578"}],"wp:attachment":[{"href":"https:\/\/osteopathie-nice.fr\/index.php\/wp-json\/wp\/v2\/media?parent=80"}],"curies":[{"name":"wp","href":"https:\/\/api.w.org\/{rel}","templated":true}]}}